{"id":1802,"date":"2014-02-26T19:32:49","date_gmt":"2014-02-26T17:32:49","guid":{"rendered":"http:\/\/musikverein-erolzheim.de\/?page_id=1802"},"modified":"2023-05-07T18:37:34","modified_gmt":"2023-05-07T16:37:34","slug":"ausbildungskonzept","status":"publish","type":"page","link":"https:\/\/musikverein-erolzheim.de\/?page_id=1802","title":{"rendered":"Ausbildungskonzept MK"},"content":{"rendered":"<p><b><i>____________________________________________________________________<\/i><\/b><\/p>\n<p><b><i>&#8222;Es ist noch kein Meister vom Himmel gefallen.&#8220;<br \/>\n<\/i><\/b>\u00a0 \u00a0 \u00a0 \u00a0 \u00a0 \u00a0 \u00a0 \u00a0 \u00a0 \u00a0 \u00a0 \u00a0 \u00a0 \u00a0 \u00a0 \u00a0 \u00a0 \u00a0 \u00a0 \u00a0 \u00a0 \u00a0 \u00a0 \u00a0 \u00a0 \u00a0 \u00a0 \u00a0 \u00a0 \u00a0 \u00a0 \u00a0 \u00a0 \u00a0 \u00a0 \u00a0 \u00a0 \u00a0 \u00a0 \u00a0 \u00a0 \u00a0 \u00a0 \u00a0 \u00a0 \u00a0 \u00a0 \u00a0 \u00a0 \u00a0 \u00a0 \u00a0 \u00a0 \u00a0Lateinisches Sprichwort<br \/>\n____________________________________________________________________<\/p>\n<h2><\/h2>\n<h2>Das Konzept der musikalischen Ausbildung\u00a0in der\u00a0Musikkapelle<\/h2>\n<p><strong>Musikalische Fr\u00fcherziehung<\/strong><\/p>\n<p>Die musikalische Fr\u00fcherziehung ist f\u00fcr Kinder vom 4. bis 6. Lebensjahr, die ihre ersten Versuche und Erfahrungen in der Musik machen wollen.<\/p>\n<p>Hierbei steht das Erleben der Musik im Mittelpunkt. Bewegung und Musik wirkt sich vorteilhaft auf die die Entwicklung beim Singen und Musizieren, beim Sprechen und H\u00f6ren, sowie beim Spielen nach festen Regeln und beim Improvisieren aus.<\/p>\n<p>Die musikalische Fr\u00fcherziehung ist eine hervorragende Grundlage f\u00fcr den Einstieg in den Blockfl\u00f6ten- oder Instrumentalunterricht.<\/p>\n<p>&nbsp;<\/p>\n<p><strong>Der Blockfl\u00f6tenunterricht<\/strong><\/p>\n<p>Im Rahmen der musikalischen Fr\u00fcherziehung bieten wir musikbegeisterten Kindern ab dem Grundschulalter eine Ausbildung auf der Blockfl\u00f6te an. Der Unterricht wird von vereinseigenen Musikern gestaltet und findet w\u00f6chentlich statt.<\/p>\n<p>Aufgrund ihrer Gr\u00f6\u00dfe und den niedrigen Anschaffungskosten ist die Blockfl\u00f6te ein ideales Instrument f\u00fcr den Anfangsunterricht. Wegen der leichten Spieltechnik k\u00f6nnen nach relativ kurzer Zeit einfache Lieder erlernt und eigene Kl\u00e4nge gestaltet werden. Der Blockfl\u00f6tenunterricht bietet Kindern, die sich sp\u00e4ter f\u00fcr ein anderes Instrument entscheiden, eine gute musikalische Grundlage.<\/p>\n<p>&nbsp;<\/p>\n<p><strong>Der Instrumentalunterricht<\/strong><\/p>\n<p>Die Ausbildung eines Instruments beginnt mit w\u00f6chentlichem Einzelunterricht bei ausgebildeten Musikern und Musiklehrern. Die musikalische Ausbildung vertieft sowohl theoretische als auch praktische Kenntnisse und ist elementar f\u00fcr das sp\u00e4tere Vereinsleben.<\/p>\n<p>&nbsp;<\/p>\n<p><strong>Das Vororchester<\/strong><\/p>\n<p>Sobald die Jungmusiker die Grundlagen des Instruments beherrschen, in der Regel nach eineinhalb bis zwei Jahren, k\u00f6nnen sie erg\u00e4nzend zum Instrumentalunterricht, erste Erfahrungen gemeinschaftlichen Spielens im Vororchester sammeln. Mit leichter Literatur werden die Kinder auf das Zusammenspiel mit anderen Instrumentengruppen sensibilisiert. Sie lernen, aufeinander zu h\u00f6ren und sich mit ihrem Instrument in den Gesamtklang eines Orchesters einzuf\u00fcgen.<\/p>\n<p>Dass Musik mit Kameradschaft verbunden ist, spielt eine gro\u00dfe Rolle. So bildet das Vororchester eine erste Form unserer Vereinsgemeinschaft.<\/p>\n<p>&nbsp;<\/p>\n<p><strong>Die Teilnahme an D-Kursen<\/strong><\/p>\n<p>Je nach Leistungsstand haben die Jungmusiker die M\u00f6glichkeit das Erlernte bei D-Lehrg\u00e4ngen pr\u00fcfen zu lassen. Diese Kurse (D1, D2, D3) werden vom Blasmusikkreisverband Biberach durchgef\u00fchrt und bestehen jeweils aus einer praktischen und theoretischen Pr\u00fcfung. Die Kursteilnehmer werden praktisch vom Fachlehrer im Instrumentalunterricht und theoretisch in speziellen Vorkursen vorbereitet. Da die Kurse kreisweit organisiert sind, bieten sie eine tolle Gelegenheit, mit Jugendlichen aus dem ganzen Kreisverband gemeinsam zu musizieren und Kontakte zu kn\u00fcpfen.<\/p>\n<p>&nbsp;<\/p>\n<p><strong>Die Jugendkapelle<\/strong><\/p>\n<p>Wer \u00fcber die Anforderungen des Vororchesters hinausw\u00e4chst, in der Regel mit bestandener D1-Pr\u00fcfung, wird in die Jugendkapelle aufgenommen. Unter der Leitung eines Dirigenten erarbeiten die Jugendlichen anspruchsvolle Literatur und bauen so auf das Erlernte vom Vororchester auf.<\/p>\n<p>&nbsp;<\/p>\n<p><strong>Der Vorspielnachmittag<\/strong><\/p>\n<p>Auch beim j\u00e4hrlichen Vorspielnachtmittag im Fr\u00fchjahr stellen die Kinder und Jugendlichen ihr K\u00f6nnen vor Eltern, Verwandten und Freunden unter Beweis.<\/p>\n<p>&nbsp;<\/p>\n<p><strong>Aufnahme in die Musikkapelle<\/strong><\/p>\n<p>Im Alter von etwa 16 Jahren bzw. mit Bestehen des D2-Lehrgangs werden die Jungmusiker in die Musikkapelle aufgenommen.<\/p>\n<p>&nbsp;<\/p>\n<p>&nbsp;<\/p>\n","protected":false},"excerpt":{"rendered":"<p>____________________________________________________________________ &#8222;Es ist noch kein Meister vom [&hellip;]<\/p>\n","protected":false},"author":2,"featured_media":0,"parent":45,"menu_order":1,"comment_status":"open","ping_status":"closed","template":"","meta":{"_acf_changed":false,"footnotes":""},"class_list":["post-1802","page","type-page","status-publish","hentry"],"acf":[],"_links":{"self":[{"href":"https:\/\/musikverein-erolzheim.de\/index.php?rest_route=\/wp\/v2\/pages\/1802","targetHints":{"allow":["GET"]}}],"collection":[{"href":"https:\/\/musikverein-erolzheim.de\/index.php?rest_route=\/wp\/v2\/pages"}],"about":[{"href":"https:\/\/musikverein-erolzheim.de\/index.php?rest_route=\/wp\/v2\/types\/page"}],"author":[{"embeddable":true,"href":"https:\/\/musikverein-erolzheim.de\/index.php?rest_route=\/wp\/v2\/users\/2"}],"replies":[{"embeddable":true,"href":"https:\/\/musikverein-erolzheim.de\/index.php?rest_route=%2Fwp%2Fv2%2Fcomments&post=1802"}],"version-history":[{"count":15,"href":"https:\/\/musikverein-erolzheim.de\/index.php?rest_route=\/wp\/v2\/pages\/1802\/revisions"}],"predecessor-version":[{"id":7850,"href":"https:\/\/musikverein-erolzheim.de\/index.php?rest_route=\/wp\/v2\/pages\/1802\/revisions\/7850"}],"up":[{"embeddable":true,"href":"https:\/\/musikverein-erolzheim.de\/index.php?rest_route=\/wp\/v2\/pages\/45"}],"wp:attachment":[{"href":"https:\/\/musikverein-erolzheim.de\/index.php?rest_route=%2Fwp%2Fv2%2Fmedia&parent=1802"}],"curies":[{"name":"wp","href":"https:\/\/api.w.org\/{rel}","templated":true}]}}