{"id":2226,"date":"2014-05-04T18:24:32","date_gmt":"2014-05-04T16:24:32","guid":{"rendered":"http:\/\/musikverein-erolzheim.de\/?page_id=2226"},"modified":"2026-04-06T18:21:24","modified_gmt":"2026-04-06T16:21:24","slug":"heimatfest","status":"publish","type":"page","link":"https:\/\/musikverein-erolzheim.de\/?page_id=2226","title":{"rendered":"Heimatfest"},"content":{"rendered":"<h3 style=\"text-align: center;\"><strong>Freitag 31.07.2026, 20:30 Uhr im Festzelt in Erolzheim<\/strong><\/h3>\n<h4 style=\"text-align: center;\"><strong>&#8211; SHOWTANZWETTBEWERB, DAS ORIGINAL &#8211;<\/strong><\/h4>\n<h4 style=\"text-align: center;\"><strong>&#8211; MIT PILSINSEL, COKTAILBAR UND VIELEM MEHR &#8211;<\/strong><\/h4>\n<h4 style=\"text-align: center;\"><strong>&#8211; NACH DEN T\u00c4NZEN AFTERSHOWPARTY MIT DJ &#8211;<\/strong><\/h4>\n<h4 style=\"text-align: center;\"><strong>&#8211; EINTRITT UNTER 18 JAHREN NUR MIT PARTYPASS, UNTER 16 JAHREN NUR MIT BEGLEITUNG DER ELTERN &#8211;<\/strong><\/h4>\n<p>&nbsp;<\/p>\n<p>Das diesj\u00e4hrige Erolzheimer Heimatfest startet am Freitagabend, 31. Juli 2026, mit dem traditionellen Showtanzwettbewerb. Seit 35 Jahren messen sich die besten und originellsten Showtanzgruppen aus unserer Region und dar\u00fcber hinaus auf unserer Showb\u00fchne in Erolzheim.<\/p>\n<p>In zwei Showblocks werden die teilnehmenden\u00a0Gruppen auch dieses Jahr beim\u00a0<a title=\"Showtanzwettbewerb 2014\" href=\"http:\/\/musikverein-erolzheim.de\/?page_id=2230\">Showtanzwettbewerb Erolzheim<\/a>\u00a0ihr Bestens geben, um sowohl das Publikum als auch die fachkundige Jury zu \u00fcberzeugen. Die Jury, die aus Tanzlehrern und \u00dcbungsleitern besteht bewertet die Darbietungen in mehreren festgelegten Wertungskriterien, wie Vielfalt der Tanzfiguren, Schrittkombinationen \u2013 Vielfalt und Wechsel der Formationen \u2013 Originalit\u00e4t, Tanzidee- Umsetzung der Musik, Tempowechsel, Dynamik \u2013 Gesamtbild, Kost\u00fcme \u2013 Ausdruck, Stil und Beherrschung der Synchronit\u00e4t.<\/p>\n<p>Lasst Euch\u00a0 von den neuen Ideen der Showt\u00e4nzer \u00fcberraschen und macht diesen Abend mit uns \u00a0zu einem unvergesslichen Event !<\/p>\n<p>Weitere Information findest du\u00a0<a title=\"Showtanz 2014\" href=\"http:\/\/musikverein-erolzheim.de\/?page_id=2230\">hier<\/a>.<\/p>\n<p>&nbsp;<\/p>\n<p>&nbsp;<\/p>\n<h3 style=\"text-align: center;\"><strong>Samstag 01.08.2026, ab 18:15 Uhr im Festzelt in Erolzheim<\/strong><\/h3>\n<h4 style=\"text-align: center;\"><strong>&#8211; ILLERTALFESTIVAL &#8211;\u00a0<\/strong><\/h4>\n<h4 style=\"text-align: center;\"><strong>&#8211; EINTRITT FREI! &#8211;<\/strong><\/h4>\n<p>&nbsp;<\/p>\n<p data-start=\"81\" data-end=\"199\">Der Samstagabend steht in diesem Jahr ganz im Zeichen des Illertalfestivals. Den Auftakt bildet der feierliche Einmarsch des Spielmanns- und Fanfarenzuges um 18:15 Uhr in das Festzelt. Im Anschluss er\u00f6ffnet die Jugendkapelle Dettingen\u2013Erolzheim\u2013Kirchberg ab 18:30 Uhr den Abend musikalisch. Ab 20:00 Uhr erwartet die Besucher beste Unterhaltung beim Illertalfestival mit den Musikvereinen aus Berkheim, Dettingen\/Iller, Kirchberg und Oberopfingen.<\/p>\n<p>&nbsp;<\/p>\n<p>&nbsp;<\/p>\n<h3 style=\"text-align: center;\"><strong>Sonntag 02.08.2026, 19:00 Uhr im Festzelt in Erolzheim<\/strong><\/h3>\n<h4 style=\"text-align: center;\"><strong>&#8211; DIRNDL- UND LEDERHOSENPARTY MIT DEN DORFHEILIGEN &#8211;<\/strong><\/h4>\n<h4 style=\"text-align: center;\"><strong>&#8211; EINTRITT UNTER 18 JAHREN NUR MIT PARTYPASS, UNTER 16 JAHREN NUR MIT BEGLEITUNG DER ELTERN &#8211;<\/strong><strong>\u00a0<\/strong><\/h4>\n<p>&nbsp;<\/p>\n<p data-start=\"74\" data-end=\"208\">Im Anschluss an den Festgottesdienst begleitet der Spielmanns- und Fanfarenzug die Besucher musikalisch von der Kirche zum Festzelt. Beim Fr\u00fchschoppen und Mittagessen sorgt der Musikverein Kirchdorf f\u00fcr beste Blasmusikunterhaltung. Nach Kaffee und Kuchen unterh\u00e4lt das Jugendvororchester Dettingen\u2013Erolzheim\u2013Kirchberg die G\u00e4ste. Zum kr\u00f6nenden Abschluss des Heimatfestes spielt am Abend die Partyband Dorfheilige \u2013 in diesem Jahr letztmals bei uns zu Gast. Weitere Infos zum Sonntagabend und zur Band findest du <a title=\"Alpenmafia\" href=\"http:\/\/musikverein-erolzheim.de\/?page_id=2456\">hier<\/a>.<\/p>\n","protected":false},"excerpt":{"rendered":"<p>Freitag 31.07.2026, 20:30 Uhr im Festzelt in [&hellip;]<\/p>\n","protected":false},"author":5,"featured_media":0,"parent":0,"menu_order":10,"comment_status":"open","ping_status":"open","template":"","meta":{"_acf_changed":false,"footnotes":""},"class_list":["post-2226","page","type-page","status-publish","hentry"],"acf":[],"_links":{"self":[{"href":"https:\/\/musikverein-erolzheim.de\/index.php?rest_route=\/wp\/v2\/pages\/2226","targetHints":{"allow":["GET"]}}],"collection":[{"href":"https:\/\/musikverein-erolzheim.de\/index.php?rest_route=\/wp\/v2\/pages"}],"about":[{"href":"https:\/\/musikverein-erolzheim.de\/index.php?rest_route=\/wp\/v2\/types\/page"}],"author":[{"embeddable":true,"href":"https:\/\/musikverein-erolzheim.de\/index.php?rest_route=\/wp\/v2\/users\/5"}],"replies":[{"embeddable":true,"href":"https:\/\/musikverein-erolzheim.de\/index.php?rest_route=%2Fwp%2Fv2%2Fcomments&post=2226"}],"version-history":[{"count":130,"href":"https:\/\/musikverein-erolzheim.de\/index.php?rest_route=\/wp\/v2\/pages\/2226\/revisions"}],"predecessor-version":[{"id":10524,"href":"https:\/\/musikverein-erolzheim.de\/index.php?rest_route=\/wp\/v2\/pages\/2226\/revisions\/10524"}],"wp:attachment":[{"href":"https:\/\/musikverein-erolzheim.de\/index.php?rest_route=%2Fwp%2Fv2%2Fmedia&parent=2226"}],"curies":[{"name":"wp","href":"https:\/\/api.w.org\/{rel}","templated":true}]}}