{"id":2326,"date":"2014-05-14T18:13:48","date_gmt":"2014-05-14T16:13:48","guid":{"rendered":"http:\/\/musikverein-erolzheim.de\/?page_id=2326"},"modified":"2026-03-11T19:14:55","modified_gmt":"2026-03-11T17:14:55","slug":"silverstars","status":"publish","type":"page","link":"https:\/\/musikverein-erolzheim.de\/?page_id=2326","title":{"rendered":"Silverstars"},"content":{"rendered":"<p>Als zweitj\u00fcngste Gruppe sind die M\u00e4dchen der Gruppe Silverstars im Alter von 10 bis 14 Jahren flei\u00dfig am Trainieren. Anspruchsvolle Choreografien werden einstudiert, egal ob f\u00fcr Showt\u00e4nze oder das Umzugsprogramm. Feste Auftritte sind beispielsweise am Erolzheimer Heimatfest oder Fasnetsumzug, am Kinderfasching oder verschiedene Hallenauftritte.<\/p>\n<p><strong>Trainerinnen: Stefanie Klang, Sylvia Klang, Lena Seidel<\/strong><\/p>\n<div id=\"attachment_7730\" style=\"width: 730px\" class=\"wp-caption alignnone\"><img loading=\"lazy\" decoding=\"async\" aria-describedby=\"caption-attachment-7730\" class=\"wp-image-7730 size-large\" src=\"https:\/\/musikverein-erolzheim.de\/wp-content\/uploads\/2023\/03\/IMG-20230218-WA0041-720x446.jpg\" alt=\"\" width=\"720\" height=\"446\" srcset=\"https:\/\/musikverein-erolzheim.de\/wp-content\/uploads\/2023\/03\/IMG-20230218-WA0041-720x446.jpg 720w, https:\/\/musikverein-erolzheim.de\/wp-content\/uploads\/2023\/03\/IMG-20230218-WA0041-240x149.jpg 240w, https:\/\/musikverein-erolzheim.de\/wp-content\/uploads\/2023\/03\/IMG-20230218-WA0041-768x476.jpg 768w, https:\/\/musikverein-erolzheim.de\/wp-content\/uploads\/2023\/03\/IMG-20230218-WA0041-528x327.jpg 528w, https:\/\/musikverein-erolzheim.de\/wp-content\/uploads\/2023\/03\/IMG-20230218-WA0041-921x570.jpg 921w, https:\/\/musikverein-erolzheim.de\/wp-content\/uploads\/2023\/03\/IMG-20230218-WA0041-646x400.jpg 646w, https:\/\/musikverein-erolzheim.de\/wp-content\/uploads\/2023\/03\/IMG-20230218-WA0041.jpg 1024w\" sizes=\"auto, (max-width: 720px) 100vw, 720px\" \/><p id=\"caption-attachment-7730\" class=\"wp-caption-text\">Silverstars beim Umzug in Zell 2023<\/p><\/div>\n<div id=\"attachment_7728\" style=\"width: 730px\" class=\"wp-caption alignnone\"><img loading=\"lazy\" decoding=\"async\" aria-describedby=\"caption-attachment-7728\" class=\"wp-image-7728 size-large\" src=\"https:\/\/musikverein-erolzheim.de\/wp-content\/uploads\/2023\/03\/2023_Silverstars_Showtanz-720x540.jpg\" alt=\"\" width=\"720\" height=\"540\" srcset=\"https:\/\/musikverein-erolzheim.de\/wp-content\/uploads\/2023\/03\/2023_Silverstars_Showtanz-720x540.jpg 720w, https:\/\/musikverein-erolzheim.de\/wp-content\/uploads\/2023\/03\/2023_Silverstars_Showtanz-240x180.jpg 240w, https:\/\/musikverein-erolzheim.de\/wp-content\/uploads\/2023\/03\/2023_Silverstars_Showtanz-768x576.jpg 768w, https:\/\/musikverein-erolzheim.de\/wp-content\/uploads\/2023\/03\/2023_Silverstars_Showtanz-528x396.jpg 528w, https:\/\/musikverein-erolzheim.de\/wp-content\/uploads\/2023\/03\/2023_Silverstars_Showtanz.jpg 1024w, https:\/\/musikverein-erolzheim.de\/wp-content\/uploads\/2023\/03\/2023_Silverstars_Showtanz-760x570.jpg 760w, https:\/\/musikverein-erolzheim.de\/wp-content\/uploads\/2023\/03\/2023_Silverstars_Showtanz-533x400.jpg 533w\" sizes=\"auto, (max-width: 720px) 100vw, 720px\" \/><p id=\"caption-attachment-7728\" class=\"wp-caption-text\">Silverstars mit ihrem Showtanz &#8222;You are beautiful&#8220; 2023<\/p><\/div>\n<div id=\"attachment_10304\" style=\"width: 730px\" class=\"wp-caption alignnone\"><img loading=\"lazy\" decoding=\"async\" aria-describedby=\"caption-attachment-10304\" class=\"wp-image-10304 size-large\" src=\"https:\/\/musikverein-erolzheim.de\/wp-content\/uploads\/2026\/03\/2026_Silverstars_Showtanz_Unterwasserwelt-720x712.jpg\" alt=\"\" width=\"720\" height=\"712\" srcset=\"https:\/\/musikverein-erolzheim.de\/wp-content\/uploads\/2026\/03\/2026_Silverstars_Showtanz_Unterwasserwelt-720x712.jpg 720w, https:\/\/musikverein-erolzheim.de\/wp-content\/uploads\/2026\/03\/2026_Silverstars_Showtanz_Unterwasserwelt-240x237.jpg 240w, https:\/\/musikverein-erolzheim.de\/wp-content\/uploads\/2026\/03\/2026_Silverstars_Showtanz_Unterwasserwelt-768x760.jpg 768w, https:\/\/musikverein-erolzheim.de\/wp-content\/uploads\/2026\/03\/2026_Silverstars_Showtanz_Unterwasserwelt-528x522.jpg 528w, https:\/\/musikverein-erolzheim.de\/wp-content\/uploads\/2026\/03\/2026_Silverstars_Showtanz_Unterwasserwelt-776x768.jpg 776w, https:\/\/musikverein-erolzheim.de\/wp-content\/uploads\/2026\/03\/2026_Silverstars_Showtanz_Unterwasserwelt-576x570.jpg 576w, https:\/\/musikverein-erolzheim.de\/wp-content\/uploads\/2026\/03\/2026_Silverstars_Showtanz_Unterwasserwelt-404x400.jpg 404w, https:\/\/musikverein-erolzheim.de\/wp-content\/uploads\/2026\/03\/2026_Silverstars_Showtanz_Unterwasserwelt.jpg 1024w\" sizes=\"auto, (max-width: 720px) 100vw, 720px\" \/><p id=\"caption-attachment-10304\" class=\"wp-caption-text\">Silverstars mit ihrem Showtanz &#8222;Unterwasserwelt&#8220; 2026<\/p><\/div>\n<div id=\"attachment_10303\" style=\"width: 730px\" class=\"wp-caption alignnone\"><img loading=\"lazy\" decoding=\"async\" aria-describedby=\"caption-attachment-10303\" class=\"wp-image-10303 size-large\" src=\"https:\/\/musikverein-erolzheim.de\/wp-content\/uploads\/2026\/03\/2026_Trainerinnen_Silverstars-720x720.jpg\" alt=\"\" width=\"720\" height=\"720\" srcset=\"https:\/\/musikverein-erolzheim.de\/wp-content\/uploads\/2026\/03\/2026_Trainerinnen_Silverstars-720x720.jpg 720w, https:\/\/musikverein-erolzheim.de\/wp-content\/uploads\/2026\/03\/2026_Trainerinnen_Silverstars-240x240.jpg 240w, https:\/\/musikverein-erolzheim.de\/wp-content\/uploads\/2026\/03\/2026_Trainerinnen_Silverstars-150x150.jpg 150w, https:\/\/musikverein-erolzheim.de\/wp-content\/uploads\/2026\/03\/2026_Trainerinnen_Silverstars-768x768.jpg 768w, https:\/\/musikverein-erolzheim.de\/wp-content\/uploads\/2026\/03\/2026_Trainerinnen_Silverstars-528x528.jpg 528w, https:\/\/musikverein-erolzheim.de\/wp-content\/uploads\/2026\/03\/2026_Trainerinnen_Silverstars-570x570.jpg 570w, https:\/\/musikverein-erolzheim.de\/wp-content\/uploads\/2026\/03\/2026_Trainerinnen_Silverstars-400x400.jpg 400w, https:\/\/musikverein-erolzheim.de\/wp-content\/uploads\/2026\/03\/2026_Trainerinnen_Silverstars.jpg 1024w\" sizes=\"auto, (max-width: 720px) 100vw, 720px\" \/><p id=\"caption-attachment-10303\" class=\"wp-caption-text\">Trainerinnen der Silverstars: Stefanie Klang, Sylvia Klang, Lena Seidel<\/p><\/div>\n<p>&nbsp;<\/p>\n","protected":false},"excerpt":{"rendered":"<p>Als zweitj\u00fcngste Gruppe sind die M\u00e4dchen der [&hellip;]<\/p>\n","protected":false},"author":5,"featured_media":0,"parent":41,"menu_order":2,"comment_status":"open","ping_status":"open","template":"","meta":{"_acf_changed":false,"footnotes":""},"class_list":["post-2326","page","type-page","status-publish","hentry"],"acf":[],"_links":{"self":[{"href":"https:\/\/musikverein-erolzheim.de\/index.php?rest_route=\/wp\/v2\/pages\/2326","targetHints":{"allow":["GET"]}}],"collection":[{"href":"https:\/\/musikverein-erolzheim.de\/index.php?rest_route=\/wp\/v2\/pages"}],"about":[{"href":"https:\/\/musikverein-erolzheim.de\/index.php?rest_route=\/wp\/v2\/types\/page"}],"author":[{"embeddable":true,"href":"https:\/\/musikverein-erolzheim.de\/index.php?rest_route=\/wp\/v2\/users\/5"}],"replies":[{"embeddable":true,"href":"https:\/\/musikverein-erolzheim.de\/index.php?rest_route=%2Fwp%2Fv2%2Fcomments&post=2326"}],"version-history":[{"count":16,"href":"https:\/\/musikverein-erolzheim.de\/index.php?rest_route=\/wp\/v2\/pages\/2326\/revisions"}],"predecessor-version":[{"id":10305,"href":"https:\/\/musikverein-erolzheim.de\/index.php?rest_route=\/wp\/v2\/pages\/2326\/revisions\/10305"}],"up":[{"embeddable":true,"href":"https:\/\/musikverein-erolzheim.de\/index.php?rest_route=\/wp\/v2\/pages\/41"}],"wp:attachment":[{"href":"https:\/\/musikverein-erolzheim.de\/index.php?rest_route=%2Fwp%2Fv2%2Fmedia&parent=2326"}],"curies":[{"name":"wp","href":"https:\/\/api.w.org\/{rel}","templated":true}]}}