{"id":2328,"date":"2014-05-14T18:13:35","date_gmt":"2014-05-14T16:13:35","guid":{"rendered":"http:\/\/musikverein-erolzheim.de\/?page_id=2328"},"modified":"2024-09-16T22:07:36","modified_gmt":"2024-09-16T20:07:36","slug":"cheer-fires-99","status":"publish","type":"page","link":"https:\/\/musikverein-erolzheim.de\/?page_id=2328","title":{"rendered":"Cheerfires"},"content":{"rendered":"<p>Die Cheerfires bilden im Alter zwischen 15 und 17 Jahren die mittlere Gruppe der Cheerleader. Die Gruppendynamik wie auch die Eigeninitiative der M\u00e4dels stehen hier im Vordergrund. Zusammen mit den Trainerinnen erarbeiten sie schwierige Choreografien und Hebefiguren, welche als t\u00e4nzerische Begleitung des Spielmannszugs auf Faschingsumz\u00fcgen oder in Form eines Showtanzes auf Wettbewerben und Veranstaltungen aufgef\u00fchrt werden.<\/p>\n<p><strong>Trainerinnen: Manuela Schreiner, Michaela Seidel<\/strong><\/p>\n<div id=\"attachment_7719\" style=\"width: 730px\" class=\"wp-caption alignnone\"><img loading=\"lazy\" decoding=\"async\" aria-describedby=\"caption-attachment-7719\" class=\"wp-image-7719 size-large\" src=\"https:\/\/musikverein-erolzheim.de\/wp-content\/uploads\/2023\/03\/2023_Cheerfires_Umzug_Zell-720x506.jpg\" alt=\"\" width=\"720\" height=\"506\" srcset=\"https:\/\/musikverein-erolzheim.de\/wp-content\/uploads\/2023\/03\/2023_Cheerfires_Umzug_Zell-720x506.jpg 720w, https:\/\/musikverein-erolzheim.de\/wp-content\/uploads\/2023\/03\/2023_Cheerfires_Umzug_Zell-240x169.jpg 240w, https:\/\/musikverein-erolzheim.de\/wp-content\/uploads\/2023\/03\/2023_Cheerfires_Umzug_Zell-768x540.jpg 768w, https:\/\/musikverein-erolzheim.de\/wp-content\/uploads\/2023\/03\/2023_Cheerfires_Umzug_Zell-528x371.jpg 528w, https:\/\/musikverein-erolzheim.de\/wp-content\/uploads\/2023\/03\/2023_Cheerfires_Umzug_Zell-811x570.jpg 811w, https:\/\/musikverein-erolzheim.de\/wp-content\/uploads\/2023\/03\/2023_Cheerfires_Umzug_Zell-569x400.jpg 569w, https:\/\/musikverein-erolzheim.de\/wp-content\/uploads\/2023\/03\/2023_Cheerfires_Umzug_Zell.jpg 1024w\" sizes=\"auto, (max-width: 720px) 100vw, 720px\" \/><p id=\"caption-attachment-7719\" class=\"wp-caption-text\">Cheerfires beim Umzug in Zell 2023<\/p><\/div>\n<div id=\"attachment_7720\" style=\"width: 550px\" class=\"wp-caption alignnone\"><img loading=\"lazy\" decoding=\"async\" aria-describedby=\"caption-attachment-7720\" class=\"wp-image-7720 size-large\" src=\"https:\/\/musikverein-erolzheim.de\/wp-content\/uploads\/2023\/03\/2022_Cheerfires_Showtanz_Heimatfest-540x720.jpg\" alt=\"\" width=\"540\" height=\"720\" srcset=\"https:\/\/musikverein-erolzheim.de\/wp-content\/uploads\/2023\/03\/2022_Cheerfires_Showtanz_Heimatfest-540x720.jpg 540w, https:\/\/musikverein-erolzheim.de\/wp-content\/uploads\/2023\/03\/2022_Cheerfires_Showtanz_Heimatfest-180x240.jpg 180w, https:\/\/musikverein-erolzheim.de\/wp-content\/uploads\/2023\/03\/2022_Cheerfires_Showtanz_Heimatfest-525x700.jpg 525w, https:\/\/musikverein-erolzheim.de\/wp-content\/uploads\/2023\/03\/2022_Cheerfires_Showtanz_Heimatfest-576x768.jpg 576w, https:\/\/musikverein-erolzheim.de\/wp-content\/uploads\/2023\/03\/2022_Cheerfires_Showtanz_Heimatfest-428x570.jpg 428w, https:\/\/musikverein-erolzheim.de\/wp-content\/uploads\/2023\/03\/2022_Cheerfires_Showtanz_Heimatfest-300x400.jpg 300w, https:\/\/musikverein-erolzheim.de\/wp-content\/uploads\/2023\/03\/2022_Cheerfires_Showtanz_Heimatfest.jpg 768w\" sizes=\"auto, (max-width: 540px) 100vw, 540px\" \/><p id=\"caption-attachment-7720\" class=\"wp-caption-text\">Cheerfires mit ihrem Showtanz &#8222;Str\u00e4flinge&#8220; am Heimatfest in Erolzheim 2022<\/p><\/div>\n<div id=\"attachment_9040\" style=\"width: 730px\" class=\"wp-caption alignnone\"><img loading=\"lazy\" decoding=\"async\" aria-describedby=\"caption-attachment-9040\" class=\"wp-image-9040 size-large\" src=\"https:\/\/musikverein-erolzheim.de\/wp-content\/uploads\/2024\/09\/2024_Cheerfires_Trainerinnen-720x514.jpg\" alt=\"\" width=\"720\" height=\"514\" srcset=\"https:\/\/musikverein-erolzheim.de\/wp-content\/uploads\/2024\/09\/2024_Cheerfires_Trainerinnen-720x514.jpg 720w, https:\/\/musikverein-erolzheim.de\/wp-content\/uploads\/2024\/09\/2024_Cheerfires_Trainerinnen-240x171.jpg 240w, https:\/\/musikverein-erolzheim.de\/wp-content\/uploads\/2024\/09\/2024_Cheerfires_Trainerinnen-768x548.jpg 768w, https:\/\/musikverein-erolzheim.de\/wp-content\/uploads\/2024\/09\/2024_Cheerfires_Trainerinnen-528x377.jpg 528w, https:\/\/musikverein-erolzheim.de\/wp-content\/uploads\/2024\/09\/2024_Cheerfires_Trainerinnen-798x570.jpg 798w, https:\/\/musikverein-erolzheim.de\/wp-content\/uploads\/2024\/09\/2024_Cheerfires_Trainerinnen-560x400.jpg 560w, https:\/\/musikverein-erolzheim.de\/wp-content\/uploads\/2024\/09\/2024_Cheerfires_Trainerinnen.jpg 1024w\" sizes=\"auto, (max-width: 720px) 100vw, 720px\" \/><p id=\"caption-attachment-9040\" class=\"wp-caption-text\">Trainerinnen der Cheerfires: Manuela Schreiner, Michaela Seidel<\/p><\/div>\n","protected":false},"excerpt":{"rendered":"<p>Die Cheerfires bilden im Alter zwischen 15 [&hellip;]<\/p>\n","protected":false},"author":5,"featured_media":0,"parent":41,"menu_order":3,"comment_status":"open","ping_status":"open","template":"","meta":{"_acf_changed":false,"footnotes":""},"class_list":["post-2328","page","type-page","status-publish","hentry"],"acf":[],"_links":{"self":[{"href":"https:\/\/musikverein-erolzheim.de\/index.php?rest_route=\/wp\/v2\/pages\/2328","targetHints":{"allow":["GET"]}}],"collection":[{"href":"https:\/\/musikverein-erolzheim.de\/index.php?rest_route=\/wp\/v2\/pages"}],"about":[{"href":"https:\/\/musikverein-erolzheim.de\/index.php?rest_route=\/wp\/v2\/types\/page"}],"author":[{"embeddable":true,"href":"https:\/\/musikverein-erolzheim.de\/index.php?rest_route=\/wp\/v2\/users\/5"}],"replies":[{"embeddable":true,"href":"https:\/\/musikverein-erolzheim.de\/index.php?rest_route=%2Fwp%2Fv2%2Fcomments&post=2328"}],"version-history":[{"count":18,"href":"https:\/\/musikverein-erolzheim.de\/index.php?rest_route=\/wp\/v2\/pages\/2328\/revisions"}],"predecessor-version":[{"id":9041,"href":"https:\/\/musikverein-erolzheim.de\/index.php?rest_route=\/wp\/v2\/pages\/2328\/revisions\/9041"}],"up":[{"embeddable":true,"href":"https:\/\/musikverein-erolzheim.de\/index.php?rest_route=\/wp\/v2\/pages\/41"}],"wp:attachment":[{"href":"https:\/\/musikverein-erolzheim.de\/index.php?rest_route=%2Fwp%2Fv2%2Fmedia&parent=2328"}],"curies":[{"name":"wp","href":"https:\/\/api.w.org\/{rel}","templated":true}]}}