{"id":2330,"date":"2014-05-14T18:12:57","date_gmt":"2014-05-14T16:12:57","guid":{"rendered":"http:\/\/musikverein-erolzheim.de\/?page_id=2330"},"modified":"2025-04-14T17:30:34","modified_gmt":"2025-04-14T15:30:34","slug":"cheerleader","status":"publish","type":"page","link":"https:\/\/musikverein-erolzheim.de\/?page_id=2330","title":{"rendered":"Cheerleader"},"content":{"rendered":"<p>Die Cheerleader sind die \u00e4lteste Gruppierung der Cheerleader des Musikvereins. Die T\u00e4nzerinnen sind bei den Hallenauftritten und Faschingsumz\u00fcgen mit dem Spielmannszug unterwegs. Um diese Auftritte meistern zu k\u00f6nnen wird bereits im Herbst damit begonnen, die Kondition und Koordination f\u00fcr die Choreografien aufzubauen. Auch f\u00fcr die Showt\u00e4nze unter dem laufenden Jahr investieren die jungen Damen im Alter von 18 und 32 Jahren viel Zeit.<\/p>\n<p><strong>Trainerinnen: Florina Veit, Hannah Schick<\/strong><\/p>\n<div class=\"mceTemp\"><\/div>\n<div id=\"attachment_7735\" style=\"width: 730px\" class=\"wp-caption alignnone\"><img loading=\"lazy\" decoding=\"async\" aria-describedby=\"caption-attachment-7735\" class=\"size-large wp-image-7735\" src=\"https:\/\/musikverein-erolzheim.de\/wp-content\/uploads\/2023\/03\/2023_Cheerleader_Umzug_Rot-720x419.jpg\" alt=\"\" width=\"720\" height=\"419\" srcset=\"https:\/\/musikverein-erolzheim.de\/wp-content\/uploads\/2023\/03\/2023_Cheerleader_Umzug_Rot-720x419.jpg 720w, https:\/\/musikverein-erolzheim.de\/wp-content\/uploads\/2023\/03\/2023_Cheerleader_Umzug_Rot-240x140.jpg 240w, https:\/\/musikverein-erolzheim.de\/wp-content\/uploads\/2023\/03\/2023_Cheerleader_Umzug_Rot-768x447.jpg 768w, https:\/\/musikverein-erolzheim.de\/wp-content\/uploads\/2023\/03\/2023_Cheerleader_Umzug_Rot-528x307.jpg 528w, https:\/\/musikverein-erolzheim.de\/wp-content\/uploads\/2023\/03\/2023_Cheerleader_Umzug_Rot-979x570.jpg 979w, https:\/\/musikverein-erolzheim.de\/wp-content\/uploads\/2023\/03\/2023_Cheerleader_Umzug_Rot-687x400.jpg 687w, https:\/\/musikverein-erolzheim.de\/wp-content\/uploads\/2023\/03\/2023_Cheerleader_Umzug_Rot.jpg 1024w\" sizes=\"auto, (max-width: 720px) 100vw, 720px\" \/><p id=\"caption-attachment-7735\" class=\"wp-caption-text\">Cheerleader beim Umzug in Rot a.d. Rot 2023<\/p><\/div>\n<div id=\"attachment_7741\" style=\"width: 730px\" class=\"wp-caption alignnone\"><img loading=\"lazy\" decoding=\"async\" aria-describedby=\"caption-attachment-7741\" class=\"size-large wp-image-7741\" src=\"https:\/\/musikverein-erolzheim.de\/wp-content\/uploads\/2023\/03\/2023_Cheerleader_Umzug_Feldkirch_03-720x686.jpg\" alt=\"\" width=\"720\" height=\"686\" srcset=\"https:\/\/musikverein-erolzheim.de\/wp-content\/uploads\/2023\/03\/2023_Cheerleader_Umzug_Feldkirch_03-720x686.jpg 720w, https:\/\/musikverein-erolzheim.de\/wp-content\/uploads\/2023\/03\/2023_Cheerleader_Umzug_Feldkirch_03-240x229.jpg 240w, https:\/\/musikverein-erolzheim.de\/wp-content\/uploads\/2023\/03\/2023_Cheerleader_Umzug_Feldkirch_03-768x732.jpg 768w, https:\/\/musikverein-erolzheim.de\/wp-content\/uploads\/2023\/03\/2023_Cheerleader_Umzug_Feldkirch_03-528x503.jpg 528w, https:\/\/musikverein-erolzheim.de\/wp-content\/uploads\/2023\/03\/2023_Cheerleader_Umzug_Feldkirch_03-806x768.jpg 806w, https:\/\/musikverein-erolzheim.de\/wp-content\/uploads\/2023\/03\/2023_Cheerleader_Umzug_Feldkirch_03-598x570.jpg 598w, https:\/\/musikverein-erolzheim.de\/wp-content\/uploads\/2023\/03\/2023_Cheerleader_Umzug_Feldkirch_03-420x400.jpg 420w, https:\/\/musikverein-erolzheim.de\/wp-content\/uploads\/2023\/03\/2023_Cheerleader_Umzug_Feldkirch_03.jpg 1024w\" sizes=\"auto, (max-width: 720px) 100vw, 720px\" \/><p id=\"caption-attachment-7741\" class=\"wp-caption-text\">Cheerleader beim Umzug in Feldkirch 2023<\/p><\/div>\n<div id=\"attachment_7740\" style=\"width: 730px\" class=\"wp-caption alignnone\"><img loading=\"lazy\" decoding=\"async\" aria-describedby=\"caption-attachment-7740\" class=\"size-large wp-image-7740\" src=\"https:\/\/musikverein-erolzheim.de\/wp-content\/uploads\/2023\/03\/2023_Cheerleader_Umzug_Feldkirch_02-720x572.jpg\" alt=\"\" width=\"720\" height=\"572\" srcset=\"https:\/\/musikverein-erolzheim.de\/wp-content\/uploads\/2023\/03\/2023_Cheerleader_Umzug_Feldkirch_02-720x572.jpg 720w, https:\/\/musikverein-erolzheim.de\/wp-content\/uploads\/2023\/03\/2023_Cheerleader_Umzug_Feldkirch_02-240x191.jpg 240w, https:\/\/musikverein-erolzheim.de\/wp-content\/uploads\/2023\/03\/2023_Cheerleader_Umzug_Feldkirch_02-768x611.jpg 768w, https:\/\/musikverein-erolzheim.de\/wp-content\/uploads\/2023\/03\/2023_Cheerleader_Umzug_Feldkirch_02-528x420.jpg 528w, https:\/\/musikverein-erolzheim.de\/wp-content\/uploads\/2023\/03\/2023_Cheerleader_Umzug_Feldkirch_02-966x768.jpg 966w, https:\/\/musikverein-erolzheim.de\/wp-content\/uploads\/2023\/03\/2023_Cheerleader_Umzug_Feldkirch_02-717x570.jpg 717w, https:\/\/musikverein-erolzheim.de\/wp-content\/uploads\/2023\/03\/2023_Cheerleader_Umzug_Feldkirch_02-503x400.jpg 503w, https:\/\/musikverein-erolzheim.de\/wp-content\/uploads\/2023\/03\/2023_Cheerleader_Umzug_Feldkirch_02.jpg 1024w\" sizes=\"auto, (max-width: 720px) 100vw, 720px\" \/><p id=\"caption-attachment-7740\" class=\"wp-caption-text\">Cheerleader beim Umzug in Feldkirch 2023<\/p><\/div>\n<div id=\"attachment_7738\" style=\"width: 730px\" class=\"wp-caption alignnone\"><img loading=\"lazy\" decoding=\"async\" aria-describedby=\"caption-attachment-7738\" class=\"size-large wp-image-7738\" src=\"https:\/\/musikverein-erolzheim.de\/wp-content\/uploads\/2023\/03\/2023_Cheerleader_Showtanz_Dettingen-720x577.jpg\" alt=\"\" width=\"720\" height=\"577\" srcset=\"https:\/\/musikverein-erolzheim.de\/wp-content\/uploads\/2023\/03\/2023_Cheerleader_Showtanz_Dettingen-720x577.jpg 720w, https:\/\/musikverein-erolzheim.de\/wp-content\/uploads\/2023\/03\/2023_Cheerleader_Showtanz_Dettingen-240x192.jpg 240w, https:\/\/musikverein-erolzheim.de\/wp-content\/uploads\/2023\/03\/2023_Cheerleader_Showtanz_Dettingen-768x616.jpg 768w, https:\/\/musikverein-erolzheim.de\/wp-content\/uploads\/2023\/03\/2023_Cheerleader_Showtanz_Dettingen-528x423.jpg 528w, https:\/\/musikverein-erolzheim.de\/wp-content\/uploads\/2023\/03\/2023_Cheerleader_Showtanz_Dettingen-958x768.jpg 958w, https:\/\/musikverein-erolzheim.de\/wp-content\/uploads\/2023\/03\/2023_Cheerleader_Showtanz_Dettingen-711x570.jpg 711w, https:\/\/musikverein-erolzheim.de\/wp-content\/uploads\/2023\/03\/2023_Cheerleader_Showtanz_Dettingen-499x400.jpg 499w, https:\/\/musikverein-erolzheim.de\/wp-content\/uploads\/2023\/03\/2023_Cheerleader_Showtanz_Dettingen.jpg 1024w\" sizes=\"auto, (max-width: 720px) 100vw, 720px\" \/><p id=\"caption-attachment-7738\" class=\"wp-caption-text\">Cheerleader mit ihrem Showtanz &#8222;Weltall&#8220; in Dettingen 2023<\/p><\/div>\n<div id=\"attachment_7737\" style=\"width: 730px\" class=\"wp-caption alignnone\"><img loading=\"lazy\" decoding=\"async\" aria-describedby=\"caption-attachment-7737\" class=\"size-large wp-image-7737\" src=\"https:\/\/musikverein-erolzheim.de\/wp-content\/uploads\/2023\/03\/2022_Cheerleader_Showtanz_Heimatfest-720x480.jpg\" alt=\"\" width=\"720\" height=\"480\" srcset=\"https:\/\/musikverein-erolzheim.de\/wp-content\/uploads\/2023\/03\/2022_Cheerleader_Showtanz_Heimatfest-720x480.jpg 720w, https:\/\/musikverein-erolzheim.de\/wp-content\/uploads\/2023\/03\/2022_Cheerleader_Showtanz_Heimatfest-240x160.jpg 240w, https:\/\/musikverein-erolzheim.de\/wp-content\/uploads\/2023\/03\/2022_Cheerleader_Showtanz_Heimatfest-768x512.jpg 768w, https:\/\/musikverein-erolzheim.de\/wp-content\/uploads\/2023\/03\/2022_Cheerleader_Showtanz_Heimatfest-528x352.jpg 528w, https:\/\/musikverein-erolzheim.de\/wp-content\/uploads\/2023\/03\/2022_Cheerleader_Showtanz_Heimatfest-856x570.jpg 856w, https:\/\/musikverein-erolzheim.de\/wp-content\/uploads\/2023\/03\/2022_Cheerleader_Showtanz_Heimatfest-601x400.jpg 601w, https:\/\/musikverein-erolzheim.de\/wp-content\/uploads\/2023\/03\/2022_Cheerleader_Showtanz_Heimatfest.jpg 1024w\" sizes=\"auto, (max-width: 720px) 100vw, 720px\" \/><p id=\"caption-attachment-7737\" class=\"wp-caption-text\">Cheerleader mit ihrem Showtanz &#8222;Weltall&#8220; auf dem Heimatfest 2022<\/p><\/div>\n<div id=\"attachment_7736\" style=\"width: 730px\" class=\"wp-caption alignnone\"><img loading=\"lazy\" decoding=\"async\" aria-describedby=\"caption-attachment-7736\" class=\"size-large wp-image-7736\" src=\"https:\/\/musikverein-erolzheim.de\/wp-content\/uploads\/2023\/03\/2019_Cheerleader_Showtanz-720x540.jpg\" alt=\"\" width=\"720\" height=\"540\" srcset=\"https:\/\/musikverein-erolzheim.de\/wp-content\/uploads\/2023\/03\/2019_Cheerleader_Showtanz-720x540.jpg 720w, https:\/\/musikverein-erolzheim.de\/wp-content\/uploads\/2023\/03\/2019_Cheerleader_Showtanz-240x180.jpg 240w, https:\/\/musikverein-erolzheim.de\/wp-content\/uploads\/2023\/03\/2019_Cheerleader_Showtanz-768x576.jpg 768w, https:\/\/musikverein-erolzheim.de\/wp-content\/uploads\/2023\/03\/2019_Cheerleader_Showtanz-528x396.jpg 528w, https:\/\/musikverein-erolzheim.de\/wp-content\/uploads\/2023\/03\/2019_Cheerleader_Showtanz.jpg 1024w, https:\/\/musikverein-erolzheim.de\/wp-content\/uploads\/2023\/03\/2019_Cheerleader_Showtanz-760x570.jpg 760w, https:\/\/musikverein-erolzheim.de\/wp-content\/uploads\/2023\/03\/2019_Cheerleader_Showtanz-533x400.jpg 533w\" sizes=\"auto, (max-width: 720px) 100vw, 720px\" \/><p id=\"caption-attachment-7736\" class=\"wp-caption-text\">Cheerleader mit ihrem Showtanz &#8222;Lebe deinen Traum&#8220; 2019<\/p><\/div>\n<div id=\"attachment_9303\" style=\"width: 573px\" class=\"wp-caption alignnone\"><img loading=\"lazy\" decoding=\"async\" aria-describedby=\"caption-attachment-9303\" class=\"wp-image-9303 size-large\" src=\"https:\/\/musikverein-erolzheim.de\/wp-content\/uploads\/2025\/04\/2025_Cheerleader_Trainerinnen-563x720.jpg\" alt=\"\" width=\"563\" height=\"720\" srcset=\"https:\/\/musikverein-erolzheim.de\/wp-content\/uploads\/2025\/04\/2025_Cheerleader_Trainerinnen-563x720.jpg 563w, https:\/\/musikverein-erolzheim.de\/wp-content\/uploads\/2025\/04\/2025_Cheerleader_Trainerinnen-188x240.jpg 188w, https:\/\/musikverein-erolzheim.de\/wp-content\/uploads\/2025\/04\/2025_Cheerleader_Trainerinnen-768x983.jpg 768w, https:\/\/musikverein-erolzheim.de\/wp-content\/uploads\/2025\/04\/2025_Cheerleader_Trainerinnen-528x676.jpg 528w, https:\/\/musikverein-erolzheim.de\/wp-content\/uploads\/2025\/04\/2025_Cheerleader_Trainerinnen-600x768.jpg 600w, https:\/\/musikverein-erolzheim.de\/wp-content\/uploads\/2025\/04\/2025_Cheerleader_Trainerinnen-445x570.jpg 445w, https:\/\/musikverein-erolzheim.de\/wp-content\/uploads\/2025\/04\/2025_Cheerleader_Trainerinnen-313x400.jpg 313w, https:\/\/musikverein-erolzheim.de\/wp-content\/uploads\/2025\/04\/2025_Cheerleader_Trainerinnen.jpg 800w\" sizes=\"auto, (max-width: 563px) 100vw, 563px\" \/><p id=\"caption-attachment-9303\" class=\"wp-caption-text\">Trainerinnen der Cheerleader: Florina Veit, Hannah Schick<\/p><\/div>\n","protected":false},"excerpt":{"rendered":"<p>Die Cheerleader sind die \u00e4lteste Gruppierung der [&hellip;]<\/p>\n","protected":false},"author":5,"featured_media":0,"parent":41,"menu_order":4,"comment_status":"open","ping_status":"open","template":"","meta":{"_acf_changed":false,"footnotes":""},"class_list":["post-2330","page","type-page","status-publish","hentry"],"acf":[],"_links":{"self":[{"href":"https:\/\/musikverein-erolzheim.de\/index.php?rest_route=\/wp\/v2\/pages\/2330","targetHints":{"allow":["GET"]}}],"collection":[{"href":"https:\/\/musikverein-erolzheim.de\/index.php?rest_route=\/wp\/v2\/pages"}],"about":[{"href":"https:\/\/musikverein-erolzheim.de\/index.php?rest_route=\/wp\/v2\/types\/page"}],"author":[{"embeddable":true,"href":"https:\/\/musikverein-erolzheim.de\/index.php?rest_route=\/wp\/v2\/users\/5"}],"replies":[{"embeddable":true,"href":"https:\/\/musikverein-erolzheim.de\/index.php?rest_route=%2Fwp%2Fv2%2Fcomments&post=2330"}],"version-history":[{"count":19,"href":"https:\/\/musikverein-erolzheim.de\/index.php?rest_route=\/wp\/v2\/pages\/2330\/revisions"}],"predecessor-version":[{"id":9305,"href":"https:\/\/musikverein-erolzheim.de\/index.php?rest_route=\/wp\/v2\/pages\/2330\/revisions\/9305"}],"up":[{"embeddable":true,"href":"https:\/\/musikverein-erolzheim.de\/index.php?rest_route=\/wp\/v2\/pages\/41"}],"wp:attachment":[{"href":"https:\/\/musikverein-erolzheim.de\/index.php?rest_route=%2Fwp%2Fv2%2Fmedia&parent=2330"}],"curies":[{"name":"wp","href":"https:\/\/api.w.org\/{rel}","templated":true}]}}