{"id":2332,"date":"2014-05-14T18:12:28","date_gmt":"2014-05-14T16:12:28","guid":{"rendered":"http:\/\/musikverein-erolzheim.de\/?page_id=2332"},"modified":"2017-05-18T19:51:52","modified_gmt":"2017-05-18T17:51:52","slug":"gemeinschaftsprojekt","status":"publish","type":"page","link":"https:\/\/musikverein-erolzheim.de\/?page_id=2332","title":{"rendered":"Gemeinschaftsprojekt"},"content":{"rendered":"<p>Legend\u00e4r und vor allem bei den Nachwuchsgruppen sehr beliebt, ist das Gemeinschaftsprojekt. Alle paar Jahre wird ein Gemeinschaftstanz mit allen vier Gruppen einstudiert. Egal ob zum Thema \u201eZirkus\u201c, \u201eMolek\u00fcle\u201c oder \u201eDer Kreis des Lebens\u201c: Bei fast 70 T\u00e4nzerinnen in allen Altersstufen wird dem Publikum eine gro\u00dfartige Tanzauff\u00fchrung geboten.<br \/>\nZum 20-j\u00e4hrigen Jubil\u00e4um der Cheerleader wird 2017 der Tanz \u201eUnsere B\u00fchne ist bunt\u201c einstudiert und erstmals auf dem Festakt im Mai aufgef\u00fchrt.<\/p>\n<div id=\"attachment_4253\" style=\"width: 730px\" class=\"wp-caption alignnone\"><a href=\"https:\/\/musikverein-erolzheim.de\/wp-content\/uploads\/2014\/05\/2013_Gemeinschaftstanz_Zirkus_Zirkus_Heimatfest.jpg\"><img loading=\"lazy\" decoding=\"async\" aria-describedby=\"caption-attachment-4253\" class=\"size-large wp-image-4253\" src=\"https:\/\/musikverein-erolzheim.de\/wp-content\/uploads\/2014\/05\/2013_Gemeinschaftstanz_Zirkus_Zirkus_Heimatfest-720x333.jpg\" alt=\"Gemeinschaftstanz Zirkus Zirkus Heimatfest\" width=\"720\" height=\"333\" srcset=\"https:\/\/musikverein-erolzheim.de\/wp-content\/uploads\/2014\/05\/2013_Gemeinschaftstanz_Zirkus_Zirkus_Heimatfest-720x333.jpg 720w, https:\/\/musikverein-erolzheim.de\/wp-content\/uploads\/2014\/05\/2013_Gemeinschaftstanz_Zirkus_Zirkus_Heimatfest-240x111.jpg 240w, https:\/\/musikverein-erolzheim.de\/wp-content\/uploads\/2014\/05\/2013_Gemeinschaftstanz_Zirkus_Zirkus_Heimatfest-528x244.jpg 528w, https:\/\/musikverein-erolzheim.de\/wp-content\/uploads\/2014\/05\/2013_Gemeinschaftstanz_Zirkus_Zirkus_Heimatfest.jpg 1024w, https:\/\/musikverein-erolzheim.de\/wp-content\/uploads\/2014\/05\/2013_Gemeinschaftstanz_Zirkus_Zirkus_Heimatfest-866x400.jpg 866w\" sizes=\"auto, (max-width: 720px) 100vw, 720px\" \/><\/a><p id=\"caption-attachment-4253\" class=\"wp-caption-text\">Zirkus &#8211; Zirkus beim Heimatfest 2013<\/p><\/div>\n<div id=\"attachment_4252\" style=\"width: 730px\" class=\"wp-caption alignnone\"><a href=\"https:\/\/musikverein-erolzheim.de\/wp-content\/uploads\/2014\/05\/2010_Gemeinschaftstanz_Dorffest_Rot.jpg\"><img loading=\"lazy\" decoding=\"async\" aria-describedby=\"caption-attachment-4252\" class=\"size-large wp-image-4252\" src=\"https:\/\/musikverein-erolzheim.de\/wp-content\/uploads\/2014\/05\/2010_Gemeinschaftstanz_Dorffest_Rot-720x480.jpg\" alt=\"Gemeinschaftstanz Dorffest Rot a.d. Rot\" width=\"720\" height=\"480\" srcset=\"https:\/\/musikverein-erolzheim.de\/wp-content\/uploads\/2014\/05\/2010_Gemeinschaftstanz_Dorffest_Rot-720x480.jpg 720w, https:\/\/musikverein-erolzheim.de\/wp-content\/uploads\/2014\/05\/2010_Gemeinschaftstanz_Dorffest_Rot-240x160.jpg 240w, https:\/\/musikverein-erolzheim.de\/wp-content\/uploads\/2014\/05\/2010_Gemeinschaftstanz_Dorffest_Rot-528x352.jpg 528w, https:\/\/musikverein-erolzheim.de\/wp-content\/uploads\/2014\/05\/2010_Gemeinschaftstanz_Dorffest_Rot.jpg 1024w, https:\/\/musikverein-erolzheim.de\/wp-content\/uploads\/2014\/05\/2010_Gemeinschaftstanz_Dorffest_Rot-856x570.jpg 856w, https:\/\/musikverein-erolzheim.de\/wp-content\/uploads\/2014\/05\/2010_Gemeinschaftstanz_Dorffest_Rot-601x400.jpg 601w\" sizes=\"auto, (max-width: 720px) 100vw, 720px\" \/><\/a><p id=\"caption-attachment-4252\" class=\"wp-caption-text\">Molek\u00fcle\u00a0beim Dorffest Rot a.d. Rot 2010<\/p><\/div>\n<div id=\"attachment_1236\" style=\"width: 510px\" class=\"wp-caption alignnone\"><a href=\"https:\/\/musikverein-erolzheim.de\/wp-content\/uploads\/2014\/02\/Heimatfest17.jpg\"><img loading=\"lazy\" decoding=\"async\" aria-describedby=\"caption-attachment-1236\" class=\"size-full wp-image-1236\" src=\"https:\/\/musikverein-erolzheim.de\/wp-content\/uploads\/2014\/02\/Heimatfest17.jpg\" alt=\"Kreis des Lebens auf dem Heimatfest 2008\" width=\"500\" height=\"230\" srcset=\"https:\/\/musikverein-erolzheim.de\/wp-content\/uploads\/2014\/02\/Heimatfest17.jpg 500w, https:\/\/musikverein-erolzheim.de\/wp-content\/uploads\/2014\/02\/Heimatfest17-240x110.jpg 240w\" sizes=\"auto, (max-width: 500px) 100vw, 500px\" \/><\/a><p id=\"caption-attachment-1236\" class=\"wp-caption-text\">Kreis des Lebens\u00a0beim Heimatfest 2008<\/p><\/div>\n<div id=\"attachment_4279\" style=\"width: 730px\" class=\"wp-caption alignnone\"><a href=\"https:\/\/musikverein-erolzheim.de\/wp-content\/uploads\/2014\/05\/2006_Gemeinschaftstanz_Heimatfest.jpg\"><img loading=\"lazy\" decoding=\"async\" aria-describedby=\"caption-attachment-4279\" class=\"size-large wp-image-4279\" src=\"https:\/\/musikverein-erolzheim.de\/wp-content\/uploads\/2014\/05\/2006_Gemeinschaftstanz_Heimatfest-720x540.jpg\" alt=\"Gemeinschaftstanz Heimatfest 2006\" width=\"720\" height=\"540\" srcset=\"https:\/\/musikverein-erolzheim.de\/wp-content\/uploads\/2014\/05\/2006_Gemeinschaftstanz_Heimatfest-720x540.jpg 720w, https:\/\/musikverein-erolzheim.de\/wp-content\/uploads\/2014\/05\/2006_Gemeinschaftstanz_Heimatfest-240x180.jpg 240w, https:\/\/musikverein-erolzheim.de\/wp-content\/uploads\/2014\/05\/2006_Gemeinschaftstanz_Heimatfest-528x396.jpg 528w, https:\/\/musikverein-erolzheim.de\/wp-content\/uploads\/2014\/05\/2006_Gemeinschaftstanz_Heimatfest.jpg 1024w, https:\/\/musikverein-erolzheim.de\/wp-content\/uploads\/2014\/05\/2006_Gemeinschaftstanz_Heimatfest-760x570.jpg 760w, https:\/\/musikverein-erolzheim.de\/wp-content\/uploads\/2014\/05\/2006_Gemeinschaftstanz_Heimatfest-533x400.jpg 533w\" sizes=\"auto, (max-width: 720px) 100vw, 720px\" \/><\/a><p id=\"caption-attachment-4279\" class=\"wp-caption-text\">Gemeinschaftstanz beim Heimatfest 2006<\/p><\/div>\n","protected":false},"excerpt":{"rendered":"<p>Legend\u00e4r und vor allem bei den Nachwuchsgruppen [&hellip;]<\/p>\n","protected":false},"author":5,"featured_media":0,"parent":41,"menu_order":5,"comment_status":"open","ping_status":"open","template":"","meta":{"_acf_changed":false,"footnotes":""},"class_list":["post-2332","page","type-page","status-publish","hentry"],"acf":[],"_links":{"self":[{"href":"https:\/\/musikverein-erolzheim.de\/index.php?rest_route=\/wp\/v2\/pages\/2332","targetHints":{"allow":["GET"]}}],"collection":[{"href":"https:\/\/musikverein-erolzheim.de\/index.php?rest_route=\/wp\/v2\/pages"}],"about":[{"href":"https:\/\/musikverein-erolzheim.de\/index.php?rest_route=\/wp\/v2\/types\/page"}],"author":[{"embeddable":true,"href":"https:\/\/musikverein-erolzheim.de\/index.php?rest_route=\/wp\/v2\/users\/5"}],"replies":[{"embeddable":true,"href":"https:\/\/musikverein-erolzheim.de\/index.php?rest_route=%2Fwp%2Fv2%2Fcomments&post=2332"}],"version-history":[{"count":7,"href":"https:\/\/musikverein-erolzheim.de\/index.php?rest_route=\/wp\/v2\/pages\/2332\/revisions"}],"predecessor-version":[{"id":4281,"href":"https:\/\/musikverein-erolzheim.de\/index.php?rest_route=\/wp\/v2\/pages\/2332\/revisions\/4281"}],"up":[{"embeddable":true,"href":"https:\/\/musikverein-erolzheim.de\/index.php?rest_route=\/wp\/v2\/pages\/41"}],"wp:attachment":[{"href":"https:\/\/musikverein-erolzheim.de\/index.php?rest_route=%2Fwp%2Fv2%2Fmedia&parent=2332"}],"curies":[{"name":"wp","href":"https:\/\/api.w.org\/{rel}","templated":true}]}}