{"id":33,"date":"2014-02-10T12:50:15","date_gmt":"2014-02-10T10:50:15","guid":{"rendered":"http:\/\/musikverein-erolzheim.de\/?page_id=33"},"modified":"2024-03-03T22:22:19","modified_gmt":"2024-03-03T20:22:19","slug":"spielmannszug","status":"publish","type":"page","link":"https:\/\/musikverein-erolzheim.de\/?page_id=33","title":{"rendered":"Spielmannszug"},"content":{"rendered":"<h2>Spielmanns- und Fanfarenzug des Musikvereins Erolzheim<\/h2>\n<div id=\"attachment_8339\" style=\"width: 360px\" class=\"wp-caption alignright\"><img loading=\"lazy\" decoding=\"async\" aria-describedby=\"caption-attachment-8339\" class=\"wp-image-8339\" src=\"https:\/\/musikverein-erolzheim.de\/wp-content\/uploads\/2024\/01\/2024_Fasnet_10-720x540.jpg\" alt=\"\" width=\"350\" height=\"263\" srcset=\"https:\/\/musikverein-erolzheim.de\/wp-content\/uploads\/2024\/01\/2024_Fasnet_10-720x540.jpg 720w, https:\/\/musikverein-erolzheim.de\/wp-content\/uploads\/2024\/01\/2024_Fasnet_10-240x180.jpg 240w, https:\/\/musikverein-erolzheim.de\/wp-content\/uploads\/2024\/01\/2024_Fasnet_10-768x576.jpg 768w, https:\/\/musikverein-erolzheim.de\/wp-content\/uploads\/2024\/01\/2024_Fasnet_10-528x396.jpg 528w, https:\/\/musikverein-erolzheim.de\/wp-content\/uploads\/2024\/01\/2024_Fasnet_10.jpg 1024w, https:\/\/musikverein-erolzheim.de\/wp-content\/uploads\/2024\/01\/2024_Fasnet_10-760x570.jpg 760w, https:\/\/musikverein-erolzheim.de\/wp-content\/uploads\/2024\/01\/2024_Fasnet_10-533x400.jpg 533w\" sizes=\"auto, (max-width: 350px) 100vw, 350px\" \/><p id=\"caption-attachment-8339\" class=\"wp-caption-text\">In der Fasnetsuniform mit den Cheerleadern<\/p><\/div>\n<p>Die Anf\u00e4nge des Spielmanns- und Fanfarenzuges reichen bis in die 60er Jahre zur\u00fcck. F\u00fcnf Marschtrommeln und zwei Landsknechtstrommeln bildeten ein Trommlerkorps, das die Musikkapelle bei Umz\u00fcgen begleitete. Diese Gruppe wurde 1967 mit Fl\u00f6ten, Lyra und Schlagwerk erg\u00e4nzt und bildete damit den Grundstock f\u00fcr den Spielmannszug.<br \/>\nAm Erolzheimer Heimatfest wurde die neue Abteilung im Musikverein Erolzheim der \u00d6ffentlichkeit vorgestellt.<\/p>\n<p>Bereits 1969 konnten mit der Erweiterung der Instrumentierung um Naturtonfanfaren die musikalischen M\u00f6glichkeiten wesentlich erweitert werden. Jahre sp\u00e4ter, mit der immer gr\u00f6\u00dfer werdenden Anzahl an Faschingsterminen und der damit erforderlichen Anpassung des Repertoires wurde die Instrumentierung um Ventilfanfaren, -posaunen und Susaphon auf die heutige Besetzung erweitert.<\/p>\n<p>Der Spielmanns- und Fanfarenzug des Musikvereins Erolzheim besteht zurzeit aus ca. 40 aktiven Spielleuten.<br \/>\nDas musikalische Repertoire umfasst neben moderner und traditioneller Spielmannsmusik, auch Faschings- und Stimmungsmusik mit s\u00fcdamerikanischen Rhythmen.<br \/>\nFestz\u00fcge jeglicher Art, historische Freiluftveranstaltungen, Standkonzerte und auch die Umrahmung feierlicher Anl\u00e4sse sind fester Bestandteil der Aktivit\u00e4ten.<br \/>\nBesonders h\u00e4ufig ist der Spielmanns- und Fanfarenzug in der Faschingszeit unterwegs.<\/p>\n<p>Im Abstand von 2 Jahren ergreift die Spielleute die Reiselust. Von Spanien, Italien, Kroatien und Griechenland bis nach Schweden absolvierten sie schon Konzertreisen. So war es nicht verwunderlich, dass sie im Oktober 2005 sogar den Flieger nach Shanghai bestiegen.<\/p>\n<p>Die musikalische Leitung des Spielmanns- und Fanfarenzuges liegt in den H\u00e4nden von Sandra Landthaler und Anita Deckert.<\/p>\n","protected":false},"excerpt":{"rendered":"<p>Spielmanns- und Fanfarenzug des Musikvereins Erolzheim Die [&hellip;]<\/p>\n","protected":false},"author":1,"featured_media":0,"parent":0,"menu_order":6,"comment_status":"open","ping_status":"open","template":"","meta":{"_acf_changed":false,"footnotes":""},"class_list":["post-33","page","type-page","status-publish","hentry"],"acf":[],"_links":{"self":[{"href":"https:\/\/musikverein-erolzheim.de\/index.php?rest_route=\/wp\/v2\/pages\/33","targetHints":{"allow":["GET"]}}],"collection":[{"href":"https:\/\/musikverein-erolzheim.de\/index.php?rest_route=\/wp\/v2\/pages"}],"about":[{"href":"https:\/\/musikverein-erolzheim.de\/index.php?rest_route=\/wp\/v2\/types\/page"}],"author":[{"embeddable":true,"href":"https:\/\/musikverein-erolzheim.de\/index.php?rest_route=\/wp\/v2\/users\/1"}],"replies":[{"embeddable":true,"href":"https:\/\/musikverein-erolzheim.de\/index.php?rest_route=%2Fwp%2Fv2%2Fcomments&post=33"}],"version-history":[{"count":26,"href":"https:\/\/musikverein-erolzheim.de\/index.php?rest_route=\/wp\/v2\/pages\/33\/revisions"}],"predecessor-version":[{"id":8391,"href":"https:\/\/musikverein-erolzheim.de\/index.php?rest_route=\/wp\/v2\/pages\/33\/revisions\/8391"}],"wp:attachment":[{"href":"https:\/\/musikverein-erolzheim.de\/index.php?rest_route=%2Fwp%2Fv2%2Fmedia&parent=33"}],"curies":[{"name":"wp","href":"https:\/\/api.w.org\/{rel}","templated":true}]}}