{"id":41,"date":"2014-02-10T12:51:08","date_gmt":"2014-02-10T10:51:08","guid":{"rendered":"http:\/\/musikverein-erolzheim.de\/?page_id=41"},"modified":"2024-09-16T22:11:33","modified_gmt":"2024-09-16T20:11:33","slug":"cheerleader","status":"publish","type":"page","link":"https:\/\/musikverein-erolzheim.de\/?page_id=41","title":{"rendered":"Cheerleader"},"content":{"rendered":"<p><strong>Show- und Tanzcheerleading<\/strong><\/p>\n<p>Cheerleading ist in den Vereinigten Staaten ein sehr traditioneller Sport, welcher lange Zeit ein reiner M\u00e4nnersport war. Erst in den 1920er Jahren \u00fcbernahmen mehr und mehr weibliche Cheerleader diese Rolle. Das Anfeuern der eigenen Sportmannschaft bei Veranstaltungen und Wettk\u00e4mpfen sowie die Animation des Publikums ist die prim\u00e4re Aufgabe von Cheerleadern. Pausen- und Opening-Shows geh\u00f6ren ebenso dazu.<\/p>\n<p>F\u00fcr die Cheerleader des Musikvereins Erolzheim steht jedoch eine abgewandelte Form im Vordergrund. Es wird in erster Linie das Show- oder auch Tanzcheerleading betrieben.<br \/>\nDas Hauptaugenmerk liegt dabei beim Tanz und in der Begleitung des Spielmannszuges in der 5. Jahreszeit, sowohl bei Umz\u00fcgen als auch bei Hallenauftritten.<br \/>\nDiese Form des Cheerleading erfordert ebenso intensives Training, Disziplin im Team und Ausdauer. Kondition, Kraft, Gymnastik, Formationstanzen und Elemente aus dem Bodenturnen und der Akrobatik sind Bestandteil unserer Trainingsarbeit.<\/p>\n<p>Begonnen hat es vor \u00fcber 20 Jahren damit, dass sechs junge Damen die musikalischen Auftritte des Spielmanns- und Fanfarenzugs in der Faschingszeit begleiteten.<br \/>\nMit den Jahren wurde die Gruppe immer gr\u00f6\u00dfer. 1997 wurden die Cheerleader als eigenst\u00e4ndige Gruppierung in den Musikverein integriert und z\u00e4hlt heute rund 70 aktive T\u00e4nzerinnen in 4 Gruppen.<\/p>\n<div id=\"attachment_7716\" style=\"width: 730px\" class=\"wp-caption alignnone\"><img loading=\"lazy\" decoding=\"async\" aria-describedby=\"caption-attachment-7716\" class=\"wp-image-7716 size-large\" src=\"https:\/\/musikverein-erolzheim.de\/wp-content\/uploads\/2023\/03\/2023_Cheerleader_Umzug_Zell_alle-720x375.jpg\" alt=\"\" width=\"720\" height=\"375\" srcset=\"https:\/\/musikverein-erolzheim.de\/wp-content\/uploads\/2023\/03\/2023_Cheerleader_Umzug_Zell_alle-720x375.jpg 720w, https:\/\/musikverein-erolzheim.de\/wp-content\/uploads\/2023\/03\/2023_Cheerleader_Umzug_Zell_alle-240x125.jpg 240w, https:\/\/musikverein-erolzheim.de\/wp-content\/uploads\/2023\/03\/2023_Cheerleader_Umzug_Zell_alle-768x400.jpg 768w, https:\/\/musikverein-erolzheim.de\/wp-content\/uploads\/2023\/03\/2023_Cheerleader_Umzug_Zell_alle-528x275.jpg 528w, https:\/\/musikverein-erolzheim.de\/wp-content\/uploads\/2023\/03\/2023_Cheerleader_Umzug_Zell_alle.jpg 1024w\" sizes=\"auto, (max-width: 720px) 100vw, 720px\" \/><p id=\"caption-attachment-7716\" class=\"wp-caption-text\">Alle Cheerleadergruppen beim Umzug in Zell 2023<\/p><\/div>\n<div id=\"attachment_9045\" style=\"width: 730px\" class=\"wp-caption alignnone\"><img loading=\"lazy\" decoding=\"async\" aria-describedby=\"caption-attachment-9045\" class=\"wp-image-9045 size-large\" src=\"https:\/\/musikverein-erolzheim.de\/wp-content\/uploads\/2024\/09\/2024_Cheerleader_Trainerinnen_Gruppenbild-720x514.jpg\" alt=\"\" width=\"720\" height=\"514\" srcset=\"https:\/\/musikverein-erolzheim.de\/wp-content\/uploads\/2024\/09\/2024_Cheerleader_Trainerinnen_Gruppenbild-720x514.jpg 720w, https:\/\/musikverein-erolzheim.de\/wp-content\/uploads\/2024\/09\/2024_Cheerleader_Trainerinnen_Gruppenbild-240x171.jpg 240w, https:\/\/musikverein-erolzheim.de\/wp-content\/uploads\/2024\/09\/2024_Cheerleader_Trainerinnen_Gruppenbild-768x548.jpg 768w, https:\/\/musikverein-erolzheim.de\/wp-content\/uploads\/2024\/09\/2024_Cheerleader_Trainerinnen_Gruppenbild-528x377.jpg 528w, https:\/\/musikverein-erolzheim.de\/wp-content\/uploads\/2024\/09\/2024_Cheerleader_Trainerinnen_Gruppenbild-798x570.jpg 798w, https:\/\/musikverein-erolzheim.de\/wp-content\/uploads\/2024\/09\/2024_Cheerleader_Trainerinnen_Gruppenbild-560x400.jpg 560w, https:\/\/musikverein-erolzheim.de\/wp-content\/uploads\/2024\/09\/2024_Cheerleader_Trainerinnen_Gruppenbild.jpg 1024w\" sizes=\"auto, (max-width: 720px) 100vw, 720px\" \/><p id=\"caption-attachment-9045\" class=\"wp-caption-text\">Trainerinnen der Cheerleadergruppen: hinten v.l.n.r.: Simone Fr\u00e4nznick, Florina Veit, Kerstin Veit, Lena Seidel. Vorne v.l.n.r.: Emely Fr\u00e4nznick, Michaela Seidel, Manuela Schreiner, Marina Wirth. Nicht auf dem Bild: Stefanie Klang, Sylvia Klang.<\/p><\/div>\n","protected":false},"excerpt":{"rendered":"<p>Show- und Tanzcheerleading Cheerleading ist in den [&hellip;]<\/p>\n","protected":false},"author":1,"featured_media":0,"parent":0,"menu_order":7,"comment_status":"open","ping_status":"closed","template":"","meta":{"_acf_changed":false,"footnotes":""},"class_list":["post-41","page","type-page","status-publish","hentry"],"acf":[],"_links":{"self":[{"href":"https:\/\/musikverein-erolzheim.de\/index.php?rest_route=\/wp\/v2\/pages\/41","targetHints":{"allow":["GET"]}}],"collection":[{"href":"https:\/\/musikverein-erolzheim.de\/index.php?rest_route=\/wp\/v2\/pages"}],"about":[{"href":"https:\/\/musikverein-erolzheim.de\/index.php?rest_route=\/wp\/v2\/types\/page"}],"author":[{"embeddable":true,"href":"https:\/\/musikverein-erolzheim.de\/index.php?rest_route=\/wp\/v2\/users\/1"}],"replies":[{"embeddable":true,"href":"https:\/\/musikverein-erolzheim.de\/index.php?rest_route=%2Fwp%2Fv2%2Fcomments&post=41"}],"version-history":[{"count":18,"href":"https:\/\/musikverein-erolzheim.de\/index.php?rest_route=\/wp\/v2\/pages\/41\/revisions"}],"predecessor-version":[{"id":9047,"href":"https:\/\/musikverein-erolzheim.de\/index.php?rest_route=\/wp\/v2\/pages\/41\/revisions\/9047"}],"wp:attachment":[{"href":"https:\/\/musikverein-erolzheim.de\/index.php?rest_route=%2Fwp%2Fv2%2Fmedia&parent=41"}],"curies":[{"name":"wp","href":"https:\/\/api.w.org\/{rel}","templated":true}]}}