{"id":4210,"date":"2017-05-18T16:06:05","date_gmt":"2017-05-18T14:06:05","guid":{"rendered":"http:\/\/musikverein-erolzheim.de\/?page_id=4210"},"modified":"2024-09-16T22:06:00","modified_gmt":"2024-09-16T20:06:00","slug":"sunflowers","status":"publish","type":"page","link":"https:\/\/musikverein-erolzheim.de\/?page_id=4210","title":{"rendered":"Sunflowers"},"content":{"rendered":"<p>Die Sunflowers sind die j\u00fcngste Cheerleader-Gruppe. Im Alter von 6 bis 10 Jahren werden die M\u00e4dchen bereits mit dem ersten Samba und weiteren einfachen Schrittfolgen und Hebefiguren auf die Faschingsumz\u00fcge sowie auf Auftritte, beispielsweise auf dem Erolzheimer Heimatfest oder beim Kreismusikfest, vorbereitet. J\u00e4hrlich wird schon mit den Kleinsten ein Showtanz einstudiert. Dabei steht der Spa\u00df am gemeinsamen Tanzen im Vordergrund.<\/p>\n<p><strong>Trainerinnen: Simone Fr\u00e4nznick, Emely Fr\u00e4nznick, Marina Wirth<\/strong><\/p>\n<div id=\"attachment_7726\" style=\"width: 730px\" class=\"wp-caption alignnone\"><img loading=\"lazy\" decoding=\"async\" aria-describedby=\"caption-attachment-7726\" class=\"wp-image-7726 size-large\" src=\"https:\/\/musikverein-erolzheim.de\/wp-content\/uploads\/2023\/03\/2023_Sunflowers_Umzug_Zell-720x608.jpg\" alt=\"\" width=\"720\" height=\"608\" srcset=\"https:\/\/musikverein-erolzheim.de\/wp-content\/uploads\/2023\/03\/2023_Sunflowers_Umzug_Zell-720x608.jpg 720w, https:\/\/musikverein-erolzheim.de\/wp-content\/uploads\/2023\/03\/2023_Sunflowers_Umzug_Zell-240x203.jpg 240w, https:\/\/musikverein-erolzheim.de\/wp-content\/uploads\/2023\/03\/2023_Sunflowers_Umzug_Zell-768x648.jpg 768w, https:\/\/musikverein-erolzheim.de\/wp-content\/uploads\/2023\/03\/2023_Sunflowers_Umzug_Zell-528x446.jpg 528w, https:\/\/musikverein-erolzheim.de\/wp-content\/uploads\/2023\/03\/2023_Sunflowers_Umzug_Zell-910x768.jpg 910w, https:\/\/musikverein-erolzheim.de\/wp-content\/uploads\/2023\/03\/2023_Sunflowers_Umzug_Zell-676x570.jpg 676w, https:\/\/musikverein-erolzheim.de\/wp-content\/uploads\/2023\/03\/2023_Sunflowers_Umzug_Zell-474x400.jpg 474w, https:\/\/musikverein-erolzheim.de\/wp-content\/uploads\/2023\/03\/2023_Sunflowers_Umzug_Zell.jpg 1024w\" sizes=\"auto, (max-width: 720px) 100vw, 720px\" \/><p id=\"caption-attachment-7726\" class=\"wp-caption-text\">Sunflowers beim Umzug in Zell 2023<\/p><\/div>\n<div id=\"attachment_7724\" style=\"width: 730px\" class=\"wp-caption alignnone\"><img loading=\"lazy\" decoding=\"async\" aria-describedby=\"caption-attachment-7724\" class=\"wp-image-7724 size-large\" src=\"https:\/\/musikverein-erolzheim.de\/wp-content\/uploads\/2023\/03\/2023_Sunflowers_Showtanz_Cheerdance-720x448.jpg\" alt=\"\" width=\"720\" height=\"448\" srcset=\"https:\/\/musikverein-erolzheim.de\/wp-content\/uploads\/2023\/03\/2023_Sunflowers_Showtanz_Cheerdance-720x448.jpg 720w, https:\/\/musikverein-erolzheim.de\/wp-content\/uploads\/2023\/03\/2023_Sunflowers_Showtanz_Cheerdance-240x149.jpg 240w, https:\/\/musikverein-erolzheim.de\/wp-content\/uploads\/2023\/03\/2023_Sunflowers_Showtanz_Cheerdance-768x478.jpg 768w, https:\/\/musikverein-erolzheim.de\/wp-content\/uploads\/2023\/03\/2023_Sunflowers_Showtanz_Cheerdance-528x328.jpg 528w, https:\/\/musikverein-erolzheim.de\/wp-content\/uploads\/2023\/03\/2023_Sunflowers_Showtanz_Cheerdance-916x570.jpg 916w, https:\/\/musikverein-erolzheim.de\/wp-content\/uploads\/2023\/03\/2023_Sunflowers_Showtanz_Cheerdance-643x400.jpg 643w, https:\/\/musikverein-erolzheim.de\/wp-content\/uploads\/2023\/03\/2023_Sunflowers_Showtanz_Cheerdance.jpg 1024w\" sizes=\"auto, (max-width: 720px) 100vw, 720px\" \/><p id=\"caption-attachment-7724\" class=\"wp-caption-text\">Sunflowers mit ihrem Showtanz Cheerdance 2023<\/p><\/div>\n<div id=\"attachment_9037\" style=\"width: 730px\" class=\"wp-caption alignnone\"><img loading=\"lazy\" decoding=\"async\" aria-describedby=\"caption-attachment-9037\" class=\"wp-image-9037 size-large\" src=\"https:\/\/musikverein-erolzheim.de\/wp-content\/uploads\/2024\/09\/2024_Sunflowers_Trainerinnen-720x514.jpg\" alt=\"\" width=\"720\" height=\"514\" srcset=\"https:\/\/musikverein-erolzheim.de\/wp-content\/uploads\/2024\/09\/2024_Sunflowers_Trainerinnen-720x514.jpg 720w, https:\/\/musikverein-erolzheim.de\/wp-content\/uploads\/2024\/09\/2024_Sunflowers_Trainerinnen-240x171.jpg 240w, https:\/\/musikverein-erolzheim.de\/wp-content\/uploads\/2024\/09\/2024_Sunflowers_Trainerinnen-768x548.jpg 768w, https:\/\/musikverein-erolzheim.de\/wp-content\/uploads\/2024\/09\/2024_Sunflowers_Trainerinnen-528x377.jpg 528w, https:\/\/musikverein-erolzheim.de\/wp-content\/uploads\/2024\/09\/2024_Sunflowers_Trainerinnen-798x570.jpg 798w, https:\/\/musikverein-erolzheim.de\/wp-content\/uploads\/2024\/09\/2024_Sunflowers_Trainerinnen-560x400.jpg 560w, https:\/\/musikverein-erolzheim.de\/wp-content\/uploads\/2024\/09\/2024_Sunflowers_Trainerinnen.jpg 1024w\" sizes=\"auto, (max-width: 720px) 100vw, 720px\" \/><p id=\"caption-attachment-9037\" class=\"wp-caption-text\">Trainerinnen der Sunflowers: Simone Fr\u00e4nznick, Emely Fr\u00e4nznick, Marina Wirth<\/p><\/div>\n","protected":false},"excerpt":{"rendered":"<p>Die Sunflowers sind die j\u00fcngste Cheerleader-Gruppe. Im [&hellip;]<\/p>\n","protected":false},"author":5,"featured_media":0,"parent":41,"menu_order":1,"comment_status":"open","ping_status":"open","template":"","meta":{"_acf_changed":false,"footnotes":""},"class_list":["post-4210","page","type-page","status-publish","hentry"],"acf":[],"_links":{"self":[{"href":"https:\/\/musikverein-erolzheim.de\/index.php?rest_route=\/wp\/v2\/pages\/4210","targetHints":{"allow":["GET"]}}],"collection":[{"href":"https:\/\/musikverein-erolzheim.de\/index.php?rest_route=\/wp\/v2\/pages"}],"about":[{"href":"https:\/\/musikverein-erolzheim.de\/index.php?rest_route=\/wp\/v2\/types\/page"}],"author":[{"embeddable":true,"href":"https:\/\/musikverein-erolzheim.de\/index.php?rest_route=\/wp\/v2\/users\/5"}],"replies":[{"embeddable":true,"href":"https:\/\/musikverein-erolzheim.de\/index.php?rest_route=%2Fwp%2Fv2%2Fcomments&post=4210"}],"version-history":[{"count":12,"href":"https:\/\/musikverein-erolzheim.de\/index.php?rest_route=\/wp\/v2\/pages\/4210\/revisions"}],"predecessor-version":[{"id":9038,"href":"https:\/\/musikverein-erolzheim.de\/index.php?rest_route=\/wp\/v2\/pages\/4210\/revisions\/9038"}],"up":[{"embeddable":true,"href":"https:\/\/musikverein-erolzheim.de\/index.php?rest_route=\/wp\/v2\/pages\/41"}],"wp:attachment":[{"href":"https:\/\/musikverein-erolzheim.de\/index.php?rest_route=%2Fwp%2Fv2%2Fmedia&parent=4210"}],"curies":[{"name":"wp","href":"https:\/\/api.w.org\/{rel}","templated":true}]}}