{"id":43,"date":"2014-02-10T12:51:22","date_gmt":"2014-02-10T10:51:22","guid":{"rendered":"http:\/\/musikverein-erolzheim.de\/?page_id=43"},"modified":"2026-03-24T10:27:05","modified_gmt":"2026-03-24T08:27:05","slug":"foerderverein","status":"publish","type":"page","link":"https:\/\/musikverein-erolzheim.de\/?page_id=43","title":{"rendered":"F\u00f6rderverein"},"content":{"rendered":"<h2>Ideelle und finanzielle F\u00f6rderung<\/h2>\n<p>Ziel und Zweck ist die die ideelle und finanzielle F\u00f6rderung des Musikvereins Erolzheim mit seinen Abteilungen Musikkapelle, Spielmanns- und Fanfarenzug und Cheerleader.<br \/>\nEin besonderes Anliegen des Vereins ist eine qualifizierte Jugendausbildung.<\/p>\n<p>Durch die Beschaffung von Mitteln in Form von Beitr\u00e4gen, Spenden sowie durch den Erl\u00f6s von Veranstaltungen wird die finanzielle Grundlage daf\u00fcr geschaffen.<br \/>\nDabei verfolgt der Verein ausschlie\u00dflich und unmittelbar gemeinn\u00fctzige Zwecke im Sinne der Gemeinn\u00fctzigkeitsvorschriften der Abgabenordnung.<br \/>\nDer F\u00f6rderverein wurde am 01.06.2003 gegr\u00fcndet.<\/p>\n<p><img loading=\"lazy\" decoding=\"async\" class=\"alignnone size-large wp-image-10325\" src=\"https:\/\/musikverein-erolzheim.de\/wp-content\/uploads\/2026\/03\/2026_Generalversammlung_11-720x480.jpg\" alt=\"\" width=\"720\" height=\"480\" srcset=\"https:\/\/musikverein-erolzheim.de\/wp-content\/uploads\/2026\/03\/2026_Generalversammlung_11-720x480.jpg 720w, https:\/\/musikverein-erolzheim.de\/wp-content\/uploads\/2026\/03\/2026_Generalversammlung_11-240x160.jpg 240w, https:\/\/musikverein-erolzheim.de\/wp-content\/uploads\/2026\/03\/2026_Generalversammlung_11-768x512.jpg 768w, https:\/\/musikverein-erolzheim.de\/wp-content\/uploads\/2026\/03\/2026_Generalversammlung_11-528x352.jpg 528w, https:\/\/musikverein-erolzheim.de\/wp-content\/uploads\/2026\/03\/2026_Generalversammlung_11-856x570.jpg 856w, https:\/\/musikverein-erolzheim.de\/wp-content\/uploads\/2026\/03\/2026_Generalversammlung_11-601x400.jpg 601w, https:\/\/musikverein-erolzheim.de\/wp-content\/uploads\/2026\/03\/2026_Generalversammlung_11.jpg 1024w\" sizes=\"auto, (max-width: 720px) 100vw, 720px\" \/><br \/>\nv.l.n.r.: Lisa Steck, Thomas Harder, Heinrich H\u00f6gerle,\u00a0 Alois Veit, Erwin Burghardt, Wolfgang H\u00f6rmann<br \/>\nnicht auf dem Bild: Franziska Jost, Emanuel Haug<\/p>\n<p><strong>Vorsitzender: <\/strong><br \/>\nThomas Harder &#8211; <a href=\"mailto:foerderverein@musikverein-erolzheim.de\">foerderverein@musikverein-erolzheim.de<\/a><\/p>\n<p><strong>Stellv. Vorsitzender:<\/strong><br \/>\nAlois Veit<\/p>\n<p><strong>Kassiererin:<\/strong><br \/>\nFranziska Jost<\/p>\n<p><strong>Schriftf\u00fchrerin:<\/strong><br \/>\nLisa Steck<\/p>\n<p><strong>Beisitzer:<\/strong><br \/>\nEmanuel Haug, Heinrich H\u00f6gerle, Erwin Burghardt, Wolfgang H\u00f6rmann<\/p>\n","protected":false},"excerpt":{"rendered":"<p>Ideelle und finanzielle F\u00f6rderung Ziel und Zweck [&hellip;]<\/p>\n","protected":false},"author":1,"featured_media":0,"parent":0,"menu_order":8,"comment_status":"open","ping_status":"closed","template":"","meta":{"_acf_changed":false,"footnotes":""},"class_list":["post-43","page","type-page","status-publish","hentry"],"acf":[],"_links":{"self":[{"href":"https:\/\/musikverein-erolzheim.de\/index.php?rest_route=\/wp\/v2\/pages\/43","targetHints":{"allow":["GET"]}}],"collection":[{"href":"https:\/\/musikverein-erolzheim.de\/index.php?rest_route=\/wp\/v2\/pages"}],"about":[{"href":"https:\/\/musikverein-erolzheim.de\/index.php?rest_route=\/wp\/v2\/types\/page"}],"author":[{"embeddable":true,"href":"https:\/\/musikverein-erolzheim.de\/index.php?rest_route=\/wp\/v2\/users\/1"}],"replies":[{"embeddable":true,"href":"https:\/\/musikverein-erolzheim.de\/index.php?rest_route=%2Fwp%2Fv2%2Fcomments&post=43"}],"version-history":[{"count":18,"href":"https:\/\/musikverein-erolzheim.de\/index.php?rest_route=\/wp\/v2\/pages\/43\/revisions"}],"predecessor-version":[{"id":10329,"href":"https:\/\/musikverein-erolzheim.de\/index.php?rest_route=\/wp\/v2\/pages\/43\/revisions\/10329"}],"wp:attachment":[{"href":"https:\/\/musikverein-erolzheim.de\/index.php?rest_route=%2Fwp%2Fv2%2Fmedia&parent=43"}],"curies":[{"name":"wp","href":"https:\/\/api.w.org\/{rel}","templated":true}]}}