{"id":4823,"date":"2017-09-24T20:59:17","date_gmt":"2017-09-24T18:59:17","guid":{"rendered":"http:\/\/musikverein-erolzheim.de\/?page_id=4823"},"modified":"2023-01-02T18:17:59","modified_gmt":"2023-01-02T16:17:59","slug":"ausbildungskonzept-sz","status":"publish","type":"page","link":"https:\/\/musikverein-erolzheim.de\/?page_id=4823","title":{"rendered":"Ausbildungskonzept SZ"},"content":{"rendered":"<p><b><i>____________________________________________________________________<\/i><\/b><\/p>\n<p><b><i>&#8222;Es ist noch kein Meister vom Himmel gefallen.&#8220;<br \/>\n<\/i><\/b>\u00a0 \u00a0 \u00a0 \u00a0 \u00a0 \u00a0 \u00a0 \u00a0 \u00a0 \u00a0 \u00a0 \u00a0 \u00a0 \u00a0 \u00a0 \u00a0 \u00a0 \u00a0 \u00a0 \u00a0 \u00a0 \u00a0 \u00a0 \u00a0 \u00a0 \u00a0 \u00a0 \u00a0 \u00a0 \u00a0 \u00a0 \u00a0 \u00a0 \u00a0 \u00a0 \u00a0 \u00a0 \u00a0 \u00a0 \u00a0 \u00a0 \u00a0 \u00a0 \u00a0 \u00a0 \u00a0 \u00a0 \u00a0 \u00a0 \u00a0 \u00a0 \u00a0 \u00a0 \u00a0Lateinisches Sprichwort<br \/>\n____________________________________________________________________<\/p>\n<h2><\/h2>\n<h2>Das Konzept der musikalischen Ausbildung\u00a0im Spielmanns- und Fanfarenzug<\/h2>\n<p>Seit seiner Gr\u00fcndung bildet der Spielmannszug seine Nachwuchsspielleute durch Ausbilder aus den eigenen Reihen aus. Erg\u00e4nzend werden auch externe Musiklehrer und Ausbilder anderer Spielmannsz\u00fcge hinzugezogen.<\/p>\n<p><strong>Zur Wahl stehen folgende Instrumente:<\/strong><\/p>\n<ul>\n<li>Spielmannsfl\u00f6te<\/li>\n<li>Trompete\/Fanfare\/Posaune<\/li>\n<li>Schlagzeug\/Trommel<\/li>\n<\/ul>\n<p><strong>Ausbildung<\/strong><\/p>\n<p>Die Ausbildung besteht aus Theorie und Praxis. F\u00fcr beide Teile stehen Ausbilder zur Verf\u00fcgung. Der Unterricht findet in kleineren Gruppen oder im Einzelunterricht statt.<\/p>\n<p><strong>Ziel und Abschluss der Ausbildung<\/strong><\/p>\n<p>Die theoretische und praktische Ausbildung wird mit dem D1 Kurs abgeschlossen. Danach erfolgt die Aufnahme in den Spielmanns- und Fanfarenzug.<\/p>\n<p>Der D1 Kurs wird vom Blasmusikkreisverband Biberach durchgef\u00fchrt und besteht jeweils aus einer praktischen und theoretischen Pr\u00fcfung. Die Kursteilnehmer werden praktisch vom Fachlehrer im Instrumentalunterricht und theoretisch in speziellen Vorkursen vorbereitet. Da die mehrt\u00e4gige Abschlusspr\u00fcfung kreisweit organisiert ist, bietet sie eine tolle Gelegenheit mit Jugendlichen aus dem ganzen Kreisverband gemeinsam zu musizieren und Kontakte zu kn\u00fcpfen.<\/p>\n<p><strong>Der Vorspielnachmittag<\/strong><\/p>\n<p>Auch beim j\u00e4hrlichen Vorspielnachmittag im Fr\u00fchjahr stellen die Kinder und Jugendlichen ihr K\u00f6nnen vor Eltern, Verwandten und Freunden unter Beweis.<\/p>\n<div id=\"attachment_4123\" style=\"width: 650px\" class=\"wp-caption alignnone\"><a href=\"https:\/\/musikverein-erolzheim.de\/wp-content\/uploads\/2017\/03\/2017_Vorspielnachmittag-1.jpg\"><img loading=\"lazy\" decoding=\"async\" aria-describedby=\"caption-attachment-4123\" class=\"size-full wp-image-4123\" src=\"https:\/\/musikverein-erolzheim.de\/wp-content\/uploads\/2017\/03\/2017_Vorspielnachmittag-1.jpg\" alt=\"Vorspielnachmittag 2017\" width=\"640\" height=\"426\" srcset=\"https:\/\/musikverein-erolzheim.de\/wp-content\/uploads\/2017\/03\/2017_Vorspielnachmittag-1.jpg 640w, https:\/\/musikverein-erolzheim.de\/wp-content\/uploads\/2017\/03\/2017_Vorspielnachmittag-1-240x160.jpg 240w, https:\/\/musikverein-erolzheim.de\/wp-content\/uploads\/2017\/03\/2017_Vorspielnachmittag-1-528x351.jpg 528w, https:\/\/musikverein-erolzheim.de\/wp-content\/uploads\/2017\/03\/2017_Vorspielnachmittag-1-601x400.jpg 601w\" sizes=\"auto, (max-width: 640px) 100vw, 640px\" \/><\/a><p id=\"caption-attachment-4123\" class=\"wp-caption-text\">Vorspielnachmittag 2017<\/p><\/div>\n<p><strong>Aktivit\u00e4ten<\/strong><\/p>\n<p>Begleitend zur musikalischen Ausbildung von Kindern\/Jugendlichen werden immer wieder Aktivit\u00e4ten unternommen. So zum Beispiel der Besuch der Mercedes-Benz Arena in Stuttgart oder das Rutschenparadies in Erding. Weitere H\u00f6hepunkte sind die gemeinsamen Zeltlager am Bodensee oder H\u00fcttenwochenenden in den Bergen zusammen mit der Jugendkapelle. Auch in Zukunft werden wir neben der Musik auch den Spa\u00df und gemeinsame Unternehmungen nicht zu kurz kommen lassen.<\/p>\n<div id=\"attachment_4185\" style=\"width: 730px\" class=\"wp-caption alignnone\"><a href=\"https:\/\/musikverein-erolzheim.de\/wp-content\/uploads\/2017\/04\/2017_Ausflug_-Erding_02.jpg\"><img loading=\"lazy\" decoding=\"async\" aria-describedby=\"caption-attachment-4185\" class=\"size-large wp-image-4185\" src=\"https:\/\/musikverein-erolzheim.de\/wp-content\/uploads\/2017\/04\/2017_Ausflug_-Erding_02-720x405.jpg\" alt=\"Ausflug zum Rutschenparadies nach Erding 2017\" width=\"720\" height=\"405\" srcset=\"https:\/\/musikverein-erolzheim.de\/wp-content\/uploads\/2017\/04\/2017_Ausflug_-Erding_02-720x405.jpg 720w, https:\/\/musikverein-erolzheim.de\/wp-content\/uploads\/2017\/04\/2017_Ausflug_-Erding_02-240x135.jpg 240w, https:\/\/musikverein-erolzheim.de\/wp-content\/uploads\/2017\/04\/2017_Ausflug_-Erding_02-528x297.jpg 528w, https:\/\/musikverein-erolzheim.de\/wp-content\/uploads\/2017\/04\/2017_Ausflug_-Erding_02.jpg 1024w, https:\/\/musikverein-erolzheim.de\/wp-content\/uploads\/2017\/04\/2017_Ausflug_-Erding_02-1013x570.jpg 1013w, https:\/\/musikverein-erolzheim.de\/wp-content\/uploads\/2017\/04\/2017_Ausflug_-Erding_02-711x400.jpg 711w\" sizes=\"auto, (max-width: 720px) 100vw, 720px\" \/><\/a><p id=\"caption-attachment-4185\" class=\"wp-caption-text\">Ausflug zum Rutschenparadies nach Erding 2017<\/p><\/div>\n<p>&nbsp;<\/p>\n<p>&nbsp;<\/p>\n","protected":false},"excerpt":{"rendered":"<p>____________________________________________________________________ &#8222;Es ist noch kein Meister vom [&hellip;]<\/p>\n","protected":false},"author":5,"featured_media":0,"parent":45,"menu_order":2,"comment_status":"open","ping_status":"open","template":"","meta":{"_acf_changed":false,"footnotes":""},"class_list":["post-4823","page","type-page","status-publish","hentry"],"acf":[],"_links":{"self":[{"href":"https:\/\/musikverein-erolzheim.de\/index.php?rest_route=\/wp\/v2\/pages\/4823","targetHints":{"allow":["GET"]}}],"collection":[{"href":"https:\/\/musikverein-erolzheim.de\/index.php?rest_route=\/wp\/v2\/pages"}],"about":[{"href":"https:\/\/musikverein-erolzheim.de\/index.php?rest_route=\/wp\/v2\/types\/page"}],"author":[{"embeddable":true,"href":"https:\/\/musikverein-erolzheim.de\/index.php?rest_route=\/wp\/v2\/users\/5"}],"replies":[{"embeddable":true,"href":"https:\/\/musikverein-erolzheim.de\/index.php?rest_route=%2Fwp%2Fv2%2Fcomments&post=4823"}],"version-history":[{"count":5,"href":"https:\/\/musikverein-erolzheim.de\/index.php?rest_route=\/wp\/v2\/pages\/4823\/revisions"}],"predecessor-version":[{"id":7471,"href":"https:\/\/musikverein-erolzheim.de\/index.php?rest_route=\/wp\/v2\/pages\/4823\/revisions\/7471"}],"up":[{"embeddable":true,"href":"https:\/\/musikverein-erolzheim.de\/index.php?rest_route=\/wp\/v2\/pages\/45"}],"wp:attachment":[{"href":"https:\/\/musikverein-erolzheim.de\/index.php?rest_route=%2Fwp%2Fv2%2Fmedia&parent=4823"}],"curies":[{"name":"wp","href":"https:\/\/api.w.org\/{rel}","templated":true}]}}