{"id":61,"date":"2014-02-10T13:02:41","date_gmt":"2014-02-10T11:02:41","guid":{"rendered":"http:\/\/musikverein-erolzheim.de\/?page_id=61"},"modified":"2025-07-29T15:31:15","modified_gmt":"2025-07-29T13:31:15","slug":"impressum","status":"publish","type":"page","link":"https:\/\/musikverein-erolzheim.de\/?page_id=61","title":{"rendered":"Impressum"},"content":{"rendered":"<h1>Inhaber der Website:<\/h1>\n<h2><strong>Musikverein Erolzheim e.V.<\/strong><\/h2>\n<p><strong>Name und Anschrift des Anbieters:<\/strong><br \/>\nMusikverein Erolzheim e.V.<br \/>\nUhlandstra\u00dfe 12<br \/>\n88453 Erolzheim<br \/>\n<a href=\"http:\/\/www.mv-erolzheim.de\/\">www.musikverein-erolzheim.de<\/a><\/p>\n<p><strong>Vertretungsberechtigter:<\/strong><br \/>\n1. Vorsitzender<br \/>\nMichael Ehrentreich<br \/>\nUhlandstra\u00dfe 12<br \/>\n88453 Erolzheim<\/p>\n<p>Tel. 07354 932646<br \/>\nE-Mail:\u00a0<a href=\"mailto:vorsitz@mv-erolzheim.de\" target=\"_self\" rel=\"noopener noreferrer\">vorsitz@mv-erolzheim.de<\/a><\/p>\n<p><strong>Registergericht:<\/strong><br \/>\nAmtsgericht Ulm<\/p>\n<p><strong>Registernummer:<\/strong><br \/>\nVR 640144<\/p>\n<p><strong>Umsatzsteuer-Identifikationsnummer gem\u00e4\u00df \u00a7 27 a Umsatzsteuergesetz:<\/strong><br \/>\nDE 144895201<\/p>\n<p><strong>Inhaltlich Verantwortlicher gem\u00e4\u00df \u00a7 55 Abs. 2 RStV:<br \/>\n<\/strong>1. Vorsitzender<br \/>\nMichael Ehrentreich<br \/>\nUhlandstra\u00dfe 12<br \/>\n88453 Erolzheim<\/p>\n<p>Tel. 07354 932646<br \/>\nE-Mail:\u00a0<a href=\"mailto:vorsitz@mv-erolzheim.de\" target=\"_self\" rel=\"noopener noreferrer\">vorsitz@mv-erolzheim.de<\/a><\/p>\n<p><strong>Wichtiger Hinweis zu allen Links:<\/strong><br \/>\nLinks zu Webseiten Dritter werden Ihnen auf dieser Webseite als reine Serviceleistung bzw. als Hinweis angeboten. F\u00fcr die Inhalte, zu denen verlinkt wird, sind die Anbieter der jeweiligen Webseiten selbst verantwortlich. Der Musikverein Erolzheim e.V. billigt die Drittinhalte weder, noch soll durch die Verlinkung eine Verbindung zwischen dem Musikverein Erolzheim e.V. und diesen Inhalten hergestellt werden.<\/p>\n<p><strong>Haftungsausschluss\/Urheberrechtliche Haftungsbegrenzung:<\/strong><br \/>\n(1) Der Musikverein Erolzheim e.V. beh\u00e4lt sich das Urheberrecht an dieser Website und deren Inhalten vor. Inhalte dieser Website d\u00fcrfen ausschlie\u00dflich f\u00fcr den Eigengebrauch heruntergeladen oder kopiert werden. Jede anderweitige Verwendung sowie die Ver\u00e4nderung der Inhalte dieser Website ist nicht gestattet.<\/p>\n<p>(2) Die Angaben auf den Websites sind unverbindlich und erfolgen ohne Gew\u00e4hr f\u00fcr deren Richtigkeit oder Aktualit\u00e4t.<\/p>\n<p>(3) Soweit gesetzlich zul\u00e4ssig, schlie\u00dft der Musikverein Erolzheim e.V. jede Haftung f\u00fcr Sch\u00e4den,<br \/>\ngleich welcher Art und gleich aus welchem Rechtsgrund aus, die aus oder im Zusammenhang mit der Benutzung der Websites entstehen k\u00f6nnten, insbesondere f\u00fcr Sch\u00e4den zufolge unrichtiger, unvollst\u00e4ndiger oder nicht aktualisierter Angaben oder zufolge Verlust von Daten.<\/p>\n<p><strong>Webmaster<\/strong><br \/>\nFelix Mayer<br \/>\nBonlander Weg 20<br \/>\n88453 Erolzheim<br \/>\n<a href=\"mailto:webmaster@mv-erolzheim.de\">webmaster@mv-erolzheim.de<\/a><\/p>\n<p><strong>Umsetzung und Programmierung<\/strong><br \/>\nsichtschmiede, <a href=\"http:\/\/www.sichtschmiede.de\" target=\"_blank\" rel=\"noopener noreferrer\">www.sichtschmiede.de<\/a><\/p>\n","protected":false},"excerpt":{"rendered":"<p>Inhaber der Website: Musikverein Erolzheim e.V. Name [&hellip;]<\/p>\n","protected":false},"author":1,"featured_media":0,"parent":0,"menu_order":15,"comment_status":"open","ping_status":"open","template":"","meta":{"_acf_changed":false,"footnotes":""},"class_list":["post-61","page","type-page","status-publish","hentry"],"acf":[],"_links":{"self":[{"href":"https:\/\/musikverein-erolzheim.de\/index.php?rest_route=\/wp\/v2\/pages\/61","targetHints":{"allow":["GET"]}}],"collection":[{"href":"https:\/\/musikverein-erolzheim.de\/index.php?rest_route=\/wp\/v2\/pages"}],"about":[{"href":"https:\/\/musikverein-erolzheim.de\/index.php?rest_route=\/wp\/v2\/types\/page"}],"author":[{"embeddable":true,"href":"https:\/\/musikverein-erolzheim.de\/index.php?rest_route=\/wp\/v2\/users\/1"}],"replies":[{"embeddable":true,"href":"https:\/\/musikverein-erolzheim.de\/index.php?rest_route=%2Fwp%2Fv2%2Fcomments&post=61"}],"version-history":[{"count":17,"href":"https:\/\/musikverein-erolzheim.de\/index.php?rest_route=\/wp\/v2\/pages\/61\/revisions"}],"predecessor-version":[{"id":9945,"href":"https:\/\/musikverein-erolzheim.de\/index.php?rest_route=\/wp\/v2\/pages\/61\/revisions\/9945"}],"wp:attachment":[{"href":"https:\/\/musikverein-erolzheim.de\/index.php?rest_route=%2Fwp%2Fv2%2Fmedia&parent=61"}],"curies":[{"name":"wp","href":"https:\/\/api.w.org\/{rel}","templated":true}]}}