{"id":8032,"date":"2023-07-26T22:33:24","date_gmt":"2023-07-26T20:33:24","guid":{"rendered":"https:\/\/musikverein-erolzheim.de\/?page_id=8032"},"modified":"2025-07-21T17:38:02","modified_gmt":"2025-07-21T15:38:02","slug":"teilnahmebedingungen-gewinnspiel-showtanzwettbewerb-2023","status":"publish","type":"page","link":"https:\/\/musikverein-erolzheim.de\/?page_id=8032","title":{"rendered":"Teilnahmebedingungen Gewinnspiel Showtanzwettbewerb 2025"},"content":{"rendered":"<p><strong>Geltungsbereich und Veranstalter<\/strong><br \/>\nDieses Gewinnspiel wird ausschlie\u00dflich durch den Musikverein Erolzheim e.V. durchgef\u00fchrt. Die bereitgestellten Informationen werden einzig verwendet, um den Teilnehmern Gewinnspielnews, -updates und sonstige relevante Informationen gem\u00e4\u00df der Teilnahmebedingungen des Gewinnspiels zur Verf\u00fcgung zu stellen. Die Gewinnspiele werden in keiner Weise von Facebook\/Instagram gesponsert, unterst\u00fctzt oder organisiert und begr\u00fcnden keinerlei Rechtsanspr\u00fcche gegen\u00fcber Facebook\/Instagram. S\u00e4mtliche Informationen im Rahmen der Gewinnspiele werden ausschlie\u00dflich vom Musikverein Erolzheim e. V.\u00a0 als Veranstalter bereitgestellt.<\/p>\n<p><strong>Teilnahmeberechtigung<\/strong><\/p>\n<ul>\n<li>Eine Teilnahme an diesem Gewinnspiel ist nur zu diesen Teilnahmebedingungen m\u00f6glich. Mit einer Teilnahme an einem Gewinnspiel erkennt der Teilnehmer diese Teilnahmebedingungen an.<\/li>\n<li>Von der Teilnahme ausgeschlossen sind Mitglieder des Musikverein Erolzheim e. V.\u00a0 sowie Personen unter 18 Jahren. Der Rechtsweg ist ausgeschlossen. Eine Barauszahlung der Gewinne ist nicht m\u00f6glich. Die Gewinne sind nicht \u00fcbertragbar.<\/li>\n<li>Die Teilnahme an diesem Gewinnspiel ist pro Person nur einmal m\u00f6glich. Mehrfacheintr\u00e4ge (manuell oder automatisiert) sind von der Verlosung ausgeschlossen.<\/li>\n<li>Der Musikverein Erolzheim e. V. hat das Recht, Teilnehmer ohne Angabe von Gr\u00fcnden zu disqualifizieren oder von der zuk\u00fcnftigen Teilnahme an Gewinnspielen auszuschlie\u00dfen. Insbesondere wenn diese gegen diese Teilnahmebedingungen versto\u00dfen bzw. den Ablauf des Gewinnspieles in irgendeiner Art st\u00f6ren oder manipulieren.<\/li>\n<\/ul>\n<p><strong>Teilnahme<\/strong><\/p>\n<ul>\n<li>Die Teilnahmefrist f\u00fcr das Gewinnspiel, den jeweiligen Gewinn, die Art der Gewinnermittlung und Angaben, welche konkreten Handlungen f\u00fcr die Teilnahme am Gewinnspiel erforderlich sind, werden auf der Gewinnspielseite (Facebookseiten und\/oder Instragramseiten) bekannt gegeben.<\/li>\n<li>Die Teilnahme ist kostenlos und nicht von der Inanspruchnahme von Leistungen des Musikverein Erolzheim e. V. abh\u00e4ngig. Die Gewinnchancen werden dadurch nicht erh\u00f6ht.<\/li>\n<\/ul>\n<p><strong>Durchf\u00fchrung und Benachrichtigung, Einwilligung zur Ver\u00f6ffentlichung<\/strong><\/p>\n<ul>\n<li>Der Gewinner wird in der Regel innerhalb von 3 Werktagen ab dem Ablauf der Teilnahmefrist unter allen Teilnehmern ermittelt. Der Gewinner wird \u00fcber das Zufallsprinzip durch das Los ermittelt.<\/li>\n<li>Der Gewinn wird unter allen Teilnehmern verlost. Die Benachrichtigung der Gewinner erfolgt per E-Mail oder pers\u00f6nlicher Nachricht. Gewinner, die sich innerhalb von einer Woche nicht auf eine Gewinnbenachrichtigung hin melden, verlieren ihren Gewinnanspruch. Zudem sind die Teilnehmer f\u00fcr die Richtigkeit und Vollst\u00e4ndigkeit der angegebenen Kontaktdaten verantwortlich. Sollten die angegebenen Kontaktdaten fehlerhaft oder unvollst\u00e4ndig sein, ist der Musikverein Erolzheim e. V. nicht verpflichtet, die korrekten Daten ausfindig zu machen. Nachteile aufgrund falscher Angaben gehen zu Lasten des Teilnehmers.<\/li>\n<li>Der Gewinner erkl\u00e4rt sich damit einverstanden, dass sein Teilnahmebeitrag sowie seine personenbezogenen Daten (vollst\u00e4ndiger Name und ggf. Wohnort) auf den Online- und Social Media Seiten des Musikverein Erolzheim e. V. ver\u00f6ffentlicht werden. Der Gewinner hat jederzeit das Recht, seine durch die Teilnahme am Gewinnspiel erkl\u00e4rte Einwilligung zur Ver\u00f6ffentlichung der Inhalte und seiner personenbezogenen Daten mit Wirkung f\u00fcr die Zukunft zu widerrufen. Der Widerruf ist schriftlich an <a href=\"mailto:marketing@mv-erolzheim.de\">marketing@mv-erolzheim.de<\/a> zu senden.<\/li>\n<li>Eine Auszahlung der Gewinne in bar, deren Tausch oder die \u00dcbertragung des Gewinnanspruchs auf eine andere Person ist ausgeschlossen.<\/li>\n<li>Der Rechtsweg ist ausgeschlossen.<\/li>\n<\/ul>\n<p><strong>Ausschluss, \u00c4nderung und vorzeitige Beendigung eines Gewinnspiels<\/strong><\/p>\n<ul>\n<li>Der Musikverein Erolzheim e. V. beh\u00e4lt sich das Recht vor, Teilnehmer, die falsche Angaben machen oder gegen diese Teilnahmebedingungen versto\u00dfen von der Teilnahme am Gewinnspiel auszuschlie\u00dfen. Ausgeschlossen werden auch Personen, die sich unerlaubter Hilfsmittel bedienen oder sich anderweitig durch Manipulation Vorteile verschaffen. In diesem Fall k\u00f6nnen Gewinne auch nachtr\u00e4glich aberkannt und zur\u00fcckgefordert werden.<\/li>\n<li>Der Musikverein Erolzheim e. V. beh\u00e4lt sich das Recht vor, \u00c4nderungen oder Anpassungen des Gewinnspiels oder der Teilnahmebedingungen vorzunehmen, wenn dies aufgrund technischer oder rechtlicher Gr\u00fcnde notwendig ist. Der Musikverein Erolzheim e. V. ist jederzeit berechtigt, ein Gewinnspiel aus technischen oder rechtlichen Gr\u00fcnden ohne Vorank\u00fcndigung abzubrechen oder vorzeitig zu beenden. Gewinne werden nur bei ordnungsgem\u00e4\u00dfer Durchf\u00fchrung des Gewinnspiels vergeben.<\/li>\n<\/ul>\n<p><strong>Haftung<\/strong><\/p>\n<ul>\n<li>Der Musikverein Erolzheim e. V. haftet nur f\u00fcr Sch\u00e4den, die von ihm vors\u00e4tzlich, grob fahrl\u00e4ssig oder in Verletzung wesentlicher Vertragspflichten leicht fahrl\u00e4ssig verursacht wurden. Sonst ist die Haftung ausgeschlossen.<\/li>\n<li>Der Musikverein Erolzheim e. V. haftet nicht f\u00fcr Sch\u00e4den, die auf St\u00f6rungen der Internetverbindung, an Netzwerken, Servern oder sonstigen Systemen und Einrichtungen zur\u00fcckzuf\u00fchren sind, die nicht im Verantwortungsbereich von des Musikverein Erolzheim e. V. liegen.<\/li>\n<\/ul>\n<p><strong>Datenschutz<\/strong><br \/>\nDie personenbezogenen Daten der Gewinner werden vom Musikverein Erolzheim e. V. vor\u00fcbergehend und ausschlie\u00dflich zur Durchf\u00fchrung und Abwicklung des Gewinnspiels sowie zur Ver\u00f6ffentlichung der Gewinner gespeichert und verwendet. Nach Beendigung und Abwicklung des Gewinnspiels werden die personenbezogenen Daten gel\u00f6scht. Die Daten werden nur verwendet, um den Teilnehmern Gewinnspielnews, -updates und sonstige relevante Informationen gem\u00e4\u00df diesen Teilnahmebedingungen zu dem Gewinnspiel zur Verf\u00fcgung zu stellen. Die personenbezogenen Daten werden nicht an Dritte weitergegeben, ausgenommen an Dritte, die die Daten zur Durchf\u00fchrung und Abwicklung des Gewinnspiels ben\u00f6tigen. Jedem Teilnehmer wird auf Anfrage Auskunft \u00fcber die \u00fcber ihn gespeicherten Daten erteilt.<\/p>\n<p><a href=\"https:\/\/musikverein-erolzheim.de\/?page_id=5300\">URL zu den allgemeinen Datenschutzbestimmungen<\/a>.<\/p>\n","protected":false},"excerpt":{"rendered":"<p>Geltungsbereich und Veranstalter Dieses Gewinnspiel wird ausschlie\u00dflich [&hellip;]<\/p>\n","protected":false},"author":5,"featured_media":0,"parent":0,"menu_order":300,"comment_status":"closed","ping_status":"closed","template":"","meta":{"_acf_changed":false,"footnotes":""},"class_list":["post-8032","page","type-page","status-publish","hentry"],"acf":[],"_links":{"self":[{"href":"https:\/\/musikverein-erolzheim.de\/index.php?rest_route=\/wp\/v2\/pages\/8032","targetHints":{"allow":["GET"]}}],"collection":[{"href":"https:\/\/musikverein-erolzheim.de\/index.php?rest_route=\/wp\/v2\/pages"}],"about":[{"href":"https:\/\/musikverein-erolzheim.de\/index.php?rest_route=\/wp\/v2\/types\/page"}],"author":[{"embeddable":true,"href":"https:\/\/musikverein-erolzheim.de\/index.php?rest_route=\/wp\/v2\/users\/5"}],"replies":[{"embeddable":true,"href":"https:\/\/musikverein-erolzheim.de\/index.php?rest_route=%2Fwp%2Fv2%2Fcomments&post=8032"}],"version-history":[{"count":7,"href":"https:\/\/musikverein-erolzheim.de\/index.php?rest_route=\/wp\/v2\/pages\/8032\/revisions"}],"predecessor-version":[{"id":9933,"href":"https:\/\/musikverein-erolzheim.de\/index.php?rest_route=\/wp\/v2\/pages\/8032\/revisions\/9933"}],"wp:attachment":[{"href":"https:\/\/musikverein-erolzheim.de\/index.php?rest_route=%2Fwp%2Fv2%2Fmedia&parent=8032"}],"curies":[{"name":"wp","href":"https:\/\/api.w.org\/{rel}","templated":true}]}}